{"id":342,"date":"2014-03-28T15:08:48","date_gmt":"2014-03-28T13:08:48","guid":{"rendered":"http:\/\/sv-webdev2.guehring.de\/wp_laender2\/?page_id=342"},"modified":"2018-01-17T10:26:45","modified_gmt":"2018-01-17T10:26:45","slug":"industries-branchen","status":"publish","type":"page","link":"https:\/\/www.guhring-alsace.com\/?page_id=342","title":{"rendered":"Industries &#8211; Brancher"},"content":{"rendered":"<p>[et_pb_section bb_built=&#8221;1&#8243; background_image=&#8221;\/wp-content\/uploads\/2014\/03\/HG_branchen.jpg&#8221; background_color=&#8221;#ffffff&#8221; parallax=&#8221;on&#8221; parallax_method=&#8221;off&#8221; _builder_version=&#8221;3.0.95&#8243;][et_pb_row][et_pb_column type=&#8221;4_4&#8243;][et_pb_text admin_label=&#8221;Pooled industry knowledge&#8221; background_layout=&#8221;light&#8221; background_position=&#8221;top_left&#8221; background_repeat=&#8221;repeat&#8221; background_size=&#8221;initial&#8221; _builder_version=&#8221;3.0.95&#8243;]<\/p>\n<p><img loading=\"lazy\" decoding=\"async\" class=\"alignnone wp-image-1431 size-full\" src=\"https:\/\/wpalsace.guehring.de\/wp-content\/uploads\/2014\/03\/ABs_Industries.png\" alt=\"\" width=\"954\" height=\"267\" srcset=\"https:\/\/www.guhring-alsace.com\/wp-content\/uploads\/2014\/03\/ABs_Industries.png 954w, https:\/\/www.guhring-alsace.com\/wp-content\/uploads\/2014\/03\/ABs_Industries-300x83.png 300w\" sizes=\"(max-width: 954px) 100vw, 954px\" \/><\/p>\n<div><\/div>\n<p>[\/et_pb_text][et_pb_divider color=&#8221;#ffffff&#8221; show_divider=&#8221;off&#8221; height=&#8221;230&#8243; disabled_on=&#8221;on|on|off&#8221; \/][et_pb_text background_layout=&#8221;light&#8221; text_orientation=&#8221;left&#8221; background_position=&#8221;top_left&#8221; background_repeat=&#8221;repeat&#8221; background_size=&#8221;initial&#8221;]<\/p>\n<div>\n<div>\n<h1>Concentration des connaissance des branches industrielles<\/h1>\n<p>&nbsp;<\/p>\n<div>\n<div>\n<h2>Solutions d&#8217;outillage performantes au service des diverses branches de l\u2019Industrie<\/h2>\n<p>&nbsp;<\/p>\n<h4>G\u00fchring d\u00e9die deux d\u00e9partements compos\u00e9s d\u2019experts pour les grands comptes des secteurs automobile et a\u00e9ronautique.<\/h4>\n<h4>Nous conseillons nos clients d\u2019\u00e9gal \u00e0 \u00e9gal avec le meilleur savoir-faire dans ces secteurs.<\/h4>\n<\/div>\n<\/div>\n<\/div>\n<\/div>\n<p>[\/et_pb_text][\/et_pb_column][\/et_pb_row][\/et_pb_section][et_pb_section bb_built=&#8221;1&#8243; fullwidth=&#8221;off&#8221; background_image=&#8221;https:\/\/www.guhring-alsace.com\/wp-content\/uploads\/2018\/01\/hg_flieger.jpg&#8221; background_color=&#8221;#ffffff&#8221; parallax=&#8221;on&#8221; _builder_version=&#8221;3.0.95&#8243;][et_pb_row][et_pb_column type=&#8221;4_4&#8243;][et_pb_text admin_label=&#8221;Aircraft&#8221; background_layout=&#8221;light&#8221; text_orientation=&#8221;left&#8221; background_position=&#8221;top_left&#8221; background_repeat=&#8221;repeat&#8221; background_size=&#8221;initial&#8221;]<\/p>\n<p><a name=\"aircraft\"><\/a><\/p>\n<h1>A\u00e9ronautique<\/h1>\n<p>[\/et_pb_text][\/et_pb_column][\/et_pb_row][et_pb_row][et_pb_column type=&#8221;1_4&#8243;][\/et_pb_column][et_pb_column type=&#8221;3_4&#8243;][et_pb_text admin_label=&#8221;High-tech&#8221; background_layout=&#8221;light&#8221; background_position=&#8221;top_left&#8221; background_repeat=&#8221;repeat&#8221; background_size=&#8221;initial&#8221; _builder_version=&#8221;3.0.95&#8243;]<\/p>\n<h2>High-tech pour le d\u00e9collage<\/h2>\n<h3>Sp\u00e9cialis\u00e9e pour r\u00e9pondre aux exigences extr\u00eamement \u00e9lev\u00e9es de l&#8217;industrie a\u00e9ronautique, notre \u00e9quipe d\u2019experts consacre toute sa connaissance approfondie dans la mise en \u0153uvre de processus d&#8217;usinage fiables et performants des mat\u00e9riaux high-tech tels que les composites (CFK), le titane et ses alliages, l\u2019aluminium et ses alliages mais aussi les superalliages\u00a0: Inconel et Waspalloy.<\/h3>\n<p><span style=\"color: black;\">\u00a0<\/span><\/p>\n<p><a href=\"https:\/\/www.guehring.de\/guehring-wAssets\/docs\/demo\/EN\/industries\/Aircraft_en.pdf\" target=\"_blank\" rel=\"noopener\"><img loading=\"lazy\" decoding=\"async\" class=\"alignnone wp-image-1323 size-full\" src=\"https:\/\/wpalsace.guehring.de\/wp-content\/uploads\/2014\/03\/pdf_grau_icon.png\" alt=\"\" width=\"80\" height=\"80\" \/><\/a><\/p>\n<p>[\/et_pb_text][\/et_pb_column][\/et_pb_row][et_pb_row][et_pb_column type=&#8221;4_4&#8243;][et_pb_image admin_label=&#8221;Flieger&#8221; src=&#8221;https:\/\/www.guhring-alsace.com\/wp-content\/uploads\/2018\/01\/flieger.png&#8221; url_new_window=&#8221;off&#8221; animation_style=&#8221;slide&#8221; animation_duration=&#8221;500ms&#8221; animation_intensity_slide=&#8221;10%&#8221; animation_direction=&#8221;left&#8221; show_bottom_space=&#8221;on&#8221; _builder_version=&#8221;3.0.95&#8243; show_in_lightbox=&#8221;off&#8221; use_overlay=&#8221;off&#8221; always_center_on_mobile=&#8221;on&#8221; force_fullwidth=&#8221;off&#8221; \/][\/et_pb_column][\/et_pb_row][\/et_pb_section][et_pb_section bb_built=&#8221;1&#8243; fullwidth=&#8221;off&#8221; background_image=&#8221;https:\/\/www.guhring-alsace.com\/wp-content\/uploads\/2018\/01\/hg_automotive.jpg&#8221; background_color=&#8221;#ffffff&#8221; parallax=&#8221;on&#8221; _builder_version=&#8221;3.0.95&#8243;][et_pb_row][et_pb_column type=&#8221;4_4&#8243;][et_pb_text admin_label=&#8221;Automotive&#8221; background_layout=&#8221;light&#8221; background_position=&#8221;top_left&#8221; background_repeat=&#8221;repeat&#8221; background_size=&#8221;initial&#8221; _builder_version=&#8221;3.0.95&#8243;]<\/p>\n<p><a name=\"automotive\"><\/a><\/p>\n<h1>Automobile<\/h1>\n<h2>D\u00e9veloppement non stop<\/h2>\n<h3>En \u00e9troite collaboration avec des fabricants et sous-traitants automobiles de renom, G\u00fchring d\u00e9veloppe des proc\u00e9d\u00e9s d\u2019usinage intelligents ainsi que des outils toujours plus performants en ad\u00e9quation aux exigences du secteur automobile.<\/h3>\n<p><a href=\"https:\/\/www.guehring.de\/en\/industries\/automotive.php\" target=\"_blank\" rel=\"noopener\"><img loading=\"lazy\" decoding=\"async\" class=\"alignnone wp-image-1602 size-full\" src=\"https:\/\/www.guhring-alsace.com\/wp-content\/uploads\/2014\/02\/pdf_grau_icon.png\" alt=\"\" width=\"80\" height=\"80\" \/><\/a><\/p>\n<p>[\/et_pb_text][\/et_pb_column][\/et_pb_row][et_pb_row][et_pb_column type=&#8221;4_4&#8243;][et_pb_divider color=&#8221;#ffffff&#8221; show_divider=&#8221;off&#8221; height=&#8221;150&#8243; disabled_on=&#8221;on|on|off&#8221; \/][\/et_pb_column][\/et_pb_row][\/et_pb_section][et_pb_section bb_built=&#8221;1&#8243; fullwidth=&#8221;off&#8221; background_image=&#8221;https:\/\/www.guhring-alsace.com\/wp-content\/uploads\/2018\/01\/hg_automotive2.jpg&#8221; background_color=&#8221;#ffffff&#8221; _builder_version=&#8221;3.0.95&#8243;][et_pb_row][et_pb_column type=&#8221;1_2&#8243;][et_pb_text admin_label=&#8221;General Engineering &#8211; Head&#8221; background_layout=&#8221;light&#8221; background_position=&#8221;top_left&#8221; background_repeat=&#8221;repeat&#8221; background_size=&#8221;initial&#8221; _builder_version=&#8221;3.0.95&#8243;]<\/p>\n<h1>Ing\u00e9nierie g\u00e9n\u00e9rale<\/h1>\n<h2>Tout d&#8217;une m\u00eame source<\/h2>\n<p><a href=\"https:\/\/www.guehring.de\/guehring-wAssets\/docs\/demo\/Dienstleistung\/Retooling_2017_Broschuere.pdf\" target=\"_blank\" rel=\"noopener\"><img loading=\"lazy\" decoding=\"async\" class=\"alignnone wp-image-866 size-full\" src=\"https:\/\/wpalsace.guehring.de\/wp-content\/uploads\/2014\/03\/icon_pdf.png\" alt=\"Retooling\" width=\"86\" height=\"86\" \/><\/a><\/p>\n<h4>\u00a0G\u00fchring est un partenaire tr\u00e8s actif dans le domaine de l&#8217;ing\u00e9nierie g\u00e9n\u00e9rale. Bas\u00e9 sur les 3 donn\u00e9es dimensionnelles\u00a0: la pi\u00e8ce, la machine-outil et le proc\u00e9d\u00e9 d\u2019usinage, notre d\u00e9partement OEM cr\u00e9e sur-mesure le processus d&#8217;usinage complet et optimal.<\/h4>\n<p>[\/et_pb_text][\/et_pb_column][et_pb_column type=&#8221;1_2&#8243;][et_pb_text background_layout=&#8221;light&#8221; text_orientation=&#8221;left&#8221; background_position=&#8221;top_left&#8221; background_repeat=&#8221;repeat&#8221; background_size=&#8221;initial&#8221;]<\/p>\n<h3>Le d\u00e9partement OEM a pour objectif d\u2019atteindre la combinaison de fabrication des composants la plus performante et \u00e9conomique incluant \u00e9galement les essais et simulations, l\u2019accompagnement dans la mise en application de la production et l&#8217;am\u00e9lioration et l&#8217;optimisation du processus.<\/h3>\n<p>[\/et_pb_text][\/et_pb_column][\/et_pb_row][et_pb_row][et_pb_column type=&#8221;4_4&#8243;][et_pb_divider color=&#8221;#ffffff&#8221; show_divider=&#8221;off&#8221; height=&#8221;300&#8243; disabled_on=&#8221;on|on|off&#8221; \/][\/et_pb_column][\/et_pb_row][\/et_pb_section][et_pb_section bb_built=&#8221;1&#8243; fullwidth=&#8221;off&#8221; background_image=&#8221;https:\/\/www.guhring-alsace.com\/wp-content\/uploads\/2018\/01\/hg_engeneer.jpg&#8221; background_color=&#8221;#ffffff&#8221; _builder_version=&#8221;3.0.95&#8243;][et_pb_row][et_pb_column type=&#8221;4_4&#8243;][et_pb_divider color=&#8221;#ffffff&#8221; show_divider=&#8221;off&#8221; height=&#8221;150&#8243; disabled_on=&#8221;on|on|off&#8221; \/][\/et_pb_column][\/et_pb_row][et_pb_row][et_pb_column type=&#8221;4_4&#8243;][et_pb_text admin_label=&#8221;Energy Technology&#8221; background_layout=&#8221;light&#8221; background_position=&#8221;top_left&#8221; background_repeat=&#8221;repeat&#8221; background_size=&#8221;initial&#8221; _builder_version=&#8221;3.0.95&#8243;]<\/p>\n<p><a name=\"energytechnology\"><\/a><\/p>\n<h1>Technologie de l\u2019\u00e9nergie<\/h1>\n<div>\n<div>\n<h2>Des outils hors pair pour soutenir l&#8217;environnement<\/h2>\n<h3>Qu\u2019ils s\u2019agissent d\u2019\u00e9oliennes, de centrales g\u00e9othermiques ou de turbines &#8211; G\u00fchring propose des solutions compl\u00e8tes d&#8217;outillage pour l&#8217;usinage conventionnel ou complexe m\u00eame pour l\u2019utilisation de mat\u00e9riaux high-tech dans la fabrication d&#8217;\u00e9quipements de l&#8217;\u00e9nergie.<\/h3>\n<p><a href=\"https:\/\/www.guehring.de\/en\/industries\/energy-technology.php\" target=\"_blank\" rel=\"noopener\"><img loading=\"lazy\" decoding=\"async\" class=\"alignnone wp-image-1602 size-full\" src=\"https:\/\/www.guhring-alsace.com\/wp-content\/uploads\/2014\/02\/pdf_grau_icon.png\" alt=\"Energy Technology\" width=\"80\" height=\"80\" \/><\/a><\/p>\n<\/div>\n<\/div>\n<p>[\/et_pb_text][\/et_pb_column][\/et_pb_row][et_pb_row][et_pb_column type=&#8221;4_4&#8243;][et_pb_divider color=&#8221;#ffffff&#8221; show_divider=&#8221;off&#8221; height=&#8221;150&#8243; disabled_on=&#8221;on|on|off&#8221; \/][\/et_pb_column][\/et_pb_row][\/et_pb_section]<\/p>\n","protected":false},"excerpt":{"rendered":"<p><div class=\"et_pb_row et_pb_row_0 et_pb_row_empty\">\n\t\t\t\t\n\t\t\t\t\n\t\t\t\t\n\t\t\t\t\n\t\t\t\t\n\t\t\t<\/div> Concentration des connaissance des branches industrielles &nbsp; Solutions d&#8217;outillage performantes au service des diverses branches de l\u2019Industrie &nbsp; G\u00fchring d\u00e9die deux d\u00e9partements compos\u00e9s d\u2019experts pour les grands comptes des secteurs automobile et a\u00e9ronautique. Nous conseillons nos clients d\u2019\u00e9gal \u00e0 \u00e9gal avec le meilleur savoir-faire dans ces secteurs. <div class=\"et_pb_row et_pb_row_1 et_pb_row_empty\">\n\t\t\t\t\n\t\t\t\t\n\t\t\t\t\n\t\t\t\t\n\t\t\t\t\n\t\t\t<\/div> A\u00e9ronautique <div class=\"et_pb_row et_pb_row_2 et_pb_row_empty\">\n\t\t\t\t\n\t\t\t\t\n\t\t\t\t\n\t\t\t\t\n\t\t\t\t\n\t\t\t<\/div> High-tech pour le d\u00e9collage [&hellip;]<\/p>\n","protected":false},"author":1,"featured_media":0,"parent":0,"menu_order":0,"comment_status":"open","ping_status":"open","template":"","meta":{"_et_pb_use_builder":"on","_et_pb_old_content":"","_et_gb_content_width":"","footnotes":""},"class_list":["post-342","page","type-page","status-publish","hentry"],"_links":{"self":[{"href":"https:\/\/www.guhring-alsace.com\/index.php?rest_route=\/wp\/v2\/pages\/342","targetHints":{"allow":["GET"]}}],"collection":[{"href":"https:\/\/www.guhring-alsace.com\/index.php?rest_route=\/wp\/v2\/pages"}],"about":[{"href":"https:\/\/www.guhring-alsace.com\/index.php?rest_route=\/wp\/v2\/types\/page"}],"author":[{"embeddable":true,"href":"https:\/\/www.guhring-alsace.com\/index.php?rest_route=\/wp\/v2\/users\/1"}],"replies":[{"embeddable":true,"href":"https:\/\/www.guhring-alsace.com\/index.php?rest_route=%2Fwp%2Fv2%2Fcomments&post=342"}],"version-history":[{"count":42,"href":"https:\/\/www.guhring-alsace.com\/index.php?rest_route=\/wp\/v2\/pages\/342\/revisions"}],"predecessor-version":[{"id":1921,"href":"https:\/\/www.guhring-alsace.com\/index.php?rest_route=\/wp\/v2\/pages\/342\/revisions\/1921"}],"wp:attachment":[{"href":"https:\/\/www.guhring-alsace.com\/index.php?rest_route=%2Fwp%2Fv2%2Fmedia&parent=342"}],"curies":[{"name":"wp","href":"https:\/\/api.w.org\/{rel}","templated":true}]}}