{"id":325,"date":"2014-03-28T11:11:00","date_gmt":"2014-03-28T09:11:00","guid":{"rendered":"http:\/\/sv-webdev2.guehring.de\/wp_laender2\/?page_id=325"},"modified":"2018-01-17T10:33:44","modified_gmt":"2018-01-17T10:33:44","slug":"dienstleistungen","status":"publish","type":"page","link":"https:\/\/www.guhring-alsace.com\/?page_id=325","title":{"rendered":"Services"},"content":{"rendered":"<p>[et_pb_section bb_built=&#8221;1&#8243; background_image=&#8221;https:\/\/www.guhring-alsace.com\/wp-content\/uploads\/2018\/01\/hg_dienstleistungen2.jpg&#8221; background_color=&#8221;#ffffff&#8221; _builder_version=&#8221;3.0.95&#8243;][et_pb_row][et_pb_column type=&#8221;4_4&#8243;][et_pb_text admin_label=&#8221;Ihr Werkzeug kann mehr!&#8221; background_layout=&#8221;light&#8221; text_orientation=&#8221;left&#8221; background_position=&#8221;top_left&#8221; background_repeat=&#8221;repeat&#8221; background_size=&#8221;initial&#8221;]<\/p>\n<div>\n<div>\n<h1>Votre outil peut faire plus\u00a0!<\/h1>\n<\/div>\n<\/div>\n<p>[\/et_pb_text][\/et_pb_column][\/et_pb_row][et_pb_row][et_pb_column type=&#8221;4_4&#8243;][et_pb_image admin_label=&#8221;Bild_Dienstleistungen&#8221; src=&#8221;https:\/\/www.guhring-alsace.com\/wp-content\/uploads\/2018\/01\/dienstleistungen.png&#8221; url_new_window=&#8221;off&#8221; animation_style=&#8221;slide&#8221; animation_duration=&#8221;500ms&#8221; animation_intensity_slide=&#8221;10%&#8221; animation_direction=&#8221;right&#8221; show_bottom_space=&#8221;on&#8221; _builder_version=&#8221;3.0.95&#8243; show_in_lightbox=&#8221;off&#8221; use_overlay=&#8221;off&#8221; always_center_on_mobile=&#8221;on&#8221; force_fullwidth=&#8221;off&#8221; \/][\/et_pb_column][\/et_pb_row][et_pb_row][et_pb_column type=&#8221;4_4&#8243;][et_pb_text admin_label=&#8221;Service made to measure.&#8221; background_layout=&#8221;light&#8221; text_orientation=&#8221;left&#8221; background_position=&#8221;top_left&#8221; background_repeat=&#8221;repeat&#8221; background_size=&#8221;initial&#8221;]<\/p>\n<h2>Service sur mesure. Effectu\u00e9 par G\u00fchring<\/h2>\n<h3>Les outils en application n\u00e9cessitent \u00e9galement un service d\u2019expert. Par cons\u00e9quent, G\u00fchring propose des services personnalis\u00e9s\u00a0:<\/h3>\n<p>&nbsp;<\/p>\n<ul>\n<li>\n<h4>130 techniciens d\u2019application conseillent nos clients dans le monde entier dans l\u2019optique d\u2019atteindre des rendements de production toujours plus performants.<\/h4>\n<\/li>\n<\/ul>\n<ul>\n<li>\n<h4>Les op\u00e9rations d\u2019affutage et de rev\u00eatement sont r\u00e9alis\u00e9es sur des machines et \u00e9quipements identiques et fabriqu\u00e9s par G\u00fchring ceci afin d\u2019assurer le m\u00eame niveau de qualit\u00e9 dans le monde entier. Nos clients b\u00e9n\u00e9ficient d\u2019un service de proximit\u00e9, de d\u00e9lais de reconditionnement d\u2019outils r\u00e9duits et du r\u00e9affutage et rev\u00eatement selon les g\u00e9om\u00e9tries d\u2019origine. C\u2019est la garantie d\u2019une productivit\u00e9 d\u2019usinage maximale et d\u2019une plus grande dur\u00e9e de vie des outils.<\/h4>\n<\/li>\n<\/ul>\n<ul>\n<li>\n<h4>Nos automates de gestion d\u2019outils TM et le logiciel Tool Management Software d\u00e9velopp\u00e9 par G\u00fchring (GTMS) permettent une transparence totale dans la gestion et le stockage de vos outils.<\/h4>\n<\/li>\n<\/ul>\n<ul>\n<li>\n<h4>La gestion des outils de nos clients est enti\u00e8rement flexible et personnalis\u00e9e gr\u00e2ce aux modules de gestion d\u2019outils \u00ab\u00a0Tool Management\u00a0\u00bb.<\/h4>\n<\/li>\n<\/ul>\n<p>[\/et_pb_text][\/et_pb_column][\/et_pb_row][\/et_pb_section][et_pb_section bb_built=&#8221;1&#8243; fullwidth=&#8221;off&#8221; background_image=&#8221;https:\/\/www.guhring-alsace.com\/wp-content\/uploads\/2018\/01\/hg_dienstleistungen03.jpg&#8221; background_color=&#8221;#ffffff&#8221; parallax=&#8221;on&#8221; _builder_version=&#8221;3.0.95&#8243;][et_pb_row][et_pb_column type=&#8221;4_4&#8243;][et_pb_text admin_label=&#8221;Tool refurbishment&#8221; background_layout=&#8221;light&#8221; text_orientation=&#8221;left&#8221; background_position=&#8221;top_left&#8221; background_repeat=&#8221;repeat&#8221; background_size=&#8221;initial&#8221;]<\/p>\n<p><a name=\"toolrefurbishment\"><\/a><\/p>\n<h1>Services de r\u00e9affutage et de rev\u00eatement<\/h1>\n<h2>pour le reconditionnement des outils<\/h2>\n<p>[\/et_pb_text][et_pb_divider color=&#8221;#ffffff&#8221; show_divider=&#8221;off&#8221; height=&#8221;300&#8243; disabled_on=&#8221;on|on|off&#8221; \/][et_pb_text admin_label=&#8221;Re-grinding &#8221; background_layout=&#8221;light&#8221; background_position=&#8221;top_left&#8221; background_repeat=&#8221;repeat&#8221; background_size=&#8221;initial&#8221; _builder_version=&#8221;3.0.95&#8243;]<\/p>\n<h4>Les op\u00e9rations d\u2019affutage et de rev\u00eatement sont r\u00e9alis\u00e9es sur des machines et \u00e9quipements identiques et fabriqu\u00e9es par G\u00fchring ceci afin d\u2019assurer le m\u00eame niveau de qualit\u00e9 dans le monde entier. Nos clients b\u00e9n\u00e9ficient d\u2019un service de proximit\u00e9, de d\u00e9lais de reconditionnement d\u2019outils r\u00e9duits et du r\u00e9affutage et rev\u00eatement selon les g\u00e9om\u00e9tries d\u2019origine. C\u2019est la garantie d\u2019une productivit\u00e9 d\u2019usinage maximale et d\u2019une plus grande dur\u00e9e de vie des outils.<\/h4>\n<p><a href=\"https:\/\/www.guehring.de\/guehring-wAssets\/docs\/demo\/EN\/services\/Guehring_Beschichtung_2017_en_low_internet.pdf\" target=\"_blank\" rel=\"noopener\"><img loading=\"lazy\" decoding=\"async\" class=\"alignnone wp-image-1602 size-full\" src=\"https:\/\/www.guhring-alsace.com\/wp-content\/uploads\/2014\/02\/pdf_grau_icon.png\" alt=\"\" width=\"80\" height=\"80\" \/><\/a><\/p>\n<p>[\/et_pb_text][\/et_pb_column][\/et_pb_row][\/et_pb_section][et_pb_section bb_built=&#8221;1&#8243; fullwidth=&#8221;off&#8221; background_image=&#8221;https:\/\/www.guhring-alsace.com\/wp-content\/uploads\/2018\/01\/hg_dienstleistungen04.jpg&#8221; background_color=&#8221;#ffffff&#8221; parallax=&#8221;on&#8221; _builder_version=&#8221;3.0.95&#8243;][et_pb_row][et_pb_column type=&#8221;4_4&#8243;][et_pb_text admin_label=&#8221;Tool management\/Dispensing Systems&#8221; background_layout=&#8221;light&#8221; background_position=&#8221;top_left&#8221; background_repeat=&#8221;repeat&#8221; background_size=&#8221;initial&#8221; _builder_version=&#8221;3.0.95&#8243;]<\/p>\n<p><a name=\"toolmanagement\"><\/a><\/p>\n<h2>Gestion des outils \/ Automates de distribution<\/h2>\n<p>[\/et_pb_text][et_pb_text admin_label=&#8221;ManageYourStock&#8221; background_layout=&#8221;light&#8221; text_orientation=&#8221;left&#8221; background_position=&#8221;top_left&#8221; background_repeat=&#8221;repeat&#8221; background_size=&#8221;initial&#8221;]<\/p>\n<p><img loading=\"lazy\" decoding=\"async\" class=\"alignnone wp-image-1429 size-full\" src=\"https:\/\/wpalsace.guehring.de\/wp-content\/uploads\/2014\/03\/manage_stock.png\" alt=\"\" width=\"500\" height=\"228\" srcset=\"https:\/\/www.guhring-alsace.com\/wp-content\/uploads\/2014\/03\/manage_stock.png 500w, https:\/\/www.guhring-alsace.com\/wp-content\/uploads\/2014\/03\/manage_stock-300x136.png 300w\" sizes=\"(max-width: 500px) 100vw, 500px\" \/><\/p>\n<p>[\/et_pb_text][et_pb_divider color=&#8221;#ffffff&#8221; show_divider=&#8221;off&#8221; height=&#8221;150&#8243; disabled_on=&#8221;on|on|off&#8221; \/][et_pb_text admin_label=&#8221;Tool dispensing systems&#8221; background_layout=&#8221;light&#8221; background_position=&#8221;top_left&#8221; background_repeat=&#8221;repeat&#8221; background_size=&#8221;initial&#8221; _builder_version=&#8221;3.0.95&#8243;]<\/p>\n<div>\n<div>\n<h1>Syst\u00e8mes de gestion d\u2019outils pour le stockage<\/h1>\n<h2>et la distribution d&#8217;outils sous contr\u00f4le<\/h2>\n<h2><a href=\"https:\/\/www.youtube.com\/watch?v=gXsenbKC7es\" target=\"_blank\" rel=\"noopener\"><img loading=\"lazy\" decoding=\"async\" class=\"alignnone wp-image-1322 size-full\" src=\"https:\/\/wpalsace.guehring.de\/wp-content\/uploads\/2014\/03\/video_grau_icon.png\" alt=\"Video\" width=\"80\" height=\"80\" \/><\/a> <a href=\"https:\/\/www.guehring.de\/en\/service\/tool-management.php\" target=\"_blank\" rel=\"noopener\"><img loading=\"lazy\" decoding=\"async\" class=\"alignnone wp-image-1323 size-full\" src=\"https:\/\/wpalsace.guehring.de\/wp-content\/uploads\/2014\/03\/pdf_grau_icon.png\" alt=\"Tool Management\" width=\"80\" height=\"80\" \/><\/a><\/h2>\n<\/div>\n<\/div>\n<p>[\/et_pb_text][\/et_pb_column][\/et_pb_row][\/et_pb_section]<\/p>\n","protected":false},"excerpt":{"rendered":"<p><div class=\"et_pb_row et_pb_row_0 et_pb_row_empty\">\n\t\t\t\t\n\t\t\t\t\n\t\t\t\t\n\t\t\t\t\n\t\t\t\t\n\t\t\t<\/div> Votre outil peut faire plus\u00a0! <div class=\"et_pb_row et_pb_row_1 et_pb_row_empty\">\n\t\t\t\t\n\t\t\t\t\n\t\t\t\t\n\t\t\t\t\n\t\t\t\t\n\t\t\t<\/div><div class=\"et_pb_row et_pb_row_2 et_pb_row_empty\">\n\t\t\t\t\n\t\t\t\t\n\t\t\t\t\n\t\t\t\t\n\t\t\t\t\n\t\t\t<\/div> Service sur mesure. Effectu\u00e9 par G\u00fchring Les outils en application n\u00e9cessitent \u00e9galement un service d\u2019expert. Par cons\u00e9quent, G\u00fchring propose des services personnalis\u00e9s\u00a0: &nbsp; 130 techniciens d\u2019application conseillent nos clients dans le monde entier dans l\u2019optique d\u2019atteindre des rendements de production toujours plus performants. Les op\u00e9rations d\u2019affutage et de [&hellip;]<\/p>\n","protected":false},"author":1,"featured_media":0,"parent":0,"menu_order":0,"comment_status":"open","ping_status":"open","template":"","meta":{"_et_pb_use_builder":"on","_et_pb_old_content":"","_et_gb_content_width":"","footnotes":""},"class_list":["post-325","page","type-page","status-publish","hentry"],"_links":{"self":[{"href":"https:\/\/www.guhring-alsace.com\/index.php?rest_route=\/wp\/v2\/pages\/325","targetHints":{"allow":["GET"]}}],"collection":[{"href":"https:\/\/www.guhring-alsace.com\/index.php?rest_route=\/wp\/v2\/pages"}],"about":[{"href":"https:\/\/www.guhring-alsace.com\/index.php?rest_route=\/wp\/v2\/types\/page"}],"author":[{"embeddable":true,"href":"https:\/\/www.guhring-alsace.com\/index.php?rest_route=\/wp\/v2\/users\/1"}],"replies":[{"embeddable":true,"href":"https:\/\/www.guhring-alsace.com\/index.php?rest_route=%2Fwp%2Fv2%2Fcomments&post=325"}],"version-history":[{"count":16,"href":"https:\/\/www.guhring-alsace.com\/index.php?rest_route=\/wp\/v2\/pages\/325\/revisions"}],"predecessor-version":[{"id":1922,"href":"https:\/\/www.guhring-alsace.com\/index.php?rest_route=\/wp\/v2\/pages\/325\/revisions\/1922"}],"wp:attachment":[{"href":"https:\/\/www.guhring-alsace.com\/index.php?rest_route=%2Fwp%2Fv2%2Fmedia&parent=325"}],"curies":[{"name":"wp","href":"https:\/\/api.w.org\/{rel}","templated":true}]}}