{"id":228,"date":"2014-03-25T12:04:53","date_gmt":"2014-03-25T10:04:53","guid":{"rendered":"http:\/\/sv-webdev2.guehring.de\/wp_laender2\/?page_id=228"},"modified":"2026-01-08T08:23:46","modified_gmt":"2026-01-08T08:23:46","slug":"impressum","status":"publish","type":"page","link":"https:\/\/www.guhring-alsace.com\/?page_id=228","title":{"rendered":"Impressum"},"content":{"rendered":"<p>[et_pb_section fb_built=&#8221;1&#8243; admin_label=&#8221;section&#8221; _builder_version=&#8221;4.16&#8243; background_color=&#8221;#ffffff&#8221; background_image=&#8221;\/wp-content\/uploads\/2014\/03\/hg_impressum.jpg&#8221; transparent_background=&#8221;off&#8221; global_colors_info=&#8221;{}&#8221;][et_pb_row column_structure=&#8221;1_2,1_2&#8243; admin_label=&#8221;row&#8221; _builder_version=&#8221;4.16&#8243; background_size=&#8221;initial&#8221; background_position=&#8221;top_left&#8221; background_repeat=&#8221;repeat&#8221; global_colors_info=&#8221;{}&#8221;][et_pb_column type=&#8221;1_2&#8243; _builder_version=&#8221;4.16&#8243; custom_padding=&#8221;|||&#8221; global_colors_info=&#8221;{}&#8221; custom_padding__hover=&#8221;|||&#8221;][et_pb_text admin_label=&#8221;Address:&#8221; _builder_version=&#8221;4.16&#8243; background_size=&#8221;initial&#8221; background_position=&#8221;top_left&#8221; background_repeat=&#8221;repeat&#8221; global_colors_info=&#8221;{}&#8221;]<\/p>\n<h2>Adresse:<\/h2>\n<h3><\/h3>\n<h3>G\u00fchring France<\/h3>\n<h3>PA rue des acacias<\/h3>\n<h3>67870 Bischoffsheim<\/h3>\n<h3>France Alsace<\/h3>\n<p>&nbsp;<\/p>\n<p>&nbsp;<\/p>\n<p>&nbsp;<br \/>\n[\/et_pb_text][\/et_pb_column][et_pb_column type=&#8221;1_2&#8243; _builder_version=&#8221;4.16&#8243; custom_padding=&#8221;|||&#8221; global_colors_info=&#8221;{}&#8221; custom_padding__hover=&#8221;|||&#8221;][et_pb_text admin_label=&#8221;Contact&#8221; _builder_version=&#8221;4.16&#8243; background_size=&#8221;initial&#8221; background_position=&#8221;top_left&#8221; background_repeat=&#8221;repeat&#8221; global_colors_info=&#8221;{}&#8221;]<\/p>\n<h1>Contact<\/h1>\n<h2>T\u00e9l. : +33 38 83 34 12 8<br \/>\nFax\u00a0: +33 38 83 34 14 5<\/h2>\n<h2>E-mail : <a href=\"mailto:info@guhring-alsace.com\">info@guhring-alsace.com<\/a><\/h2>\n<h2><\/h2>\n<p>&nbsp;<br \/>\n[\/et_pb_text][\/et_pb_column][\/et_pb_row][et_pb_row admin_label=&#8221;row&#8221; _builder_version=&#8221;4.16&#8243; background_size=&#8221;initial&#8221; background_position=&#8221;top_left&#8221; background_repeat=&#8221;repeat&#8221; global_colors_info=&#8221;{}&#8221;][et_pb_column type=&#8221;4_4&#8243; _builder_version=&#8221;4.16&#8243; custom_padding=&#8221;|||&#8221; global_colors_info=&#8221;{}&#8221; custom_padding__hover=&#8221;|||&#8221;][et_pb_text admin_label=&#8221;Company information&#8221; _builder_version=&#8221;4.27.5&#8243; background_size=&#8221;initial&#8221; background_position=&#8221;top_left&#8221; background_repeat=&#8221;repeat&#8221; global_colors_info=&#8221;{}&#8221;]<\/p>\n<h1>Company information<\/h1>\n<h4>Managing partners: <br \/>Oliver G\u00fchring<br \/>G\u00fchring Holding KG (HRA 742836 Stuttgart Local Court)<br \/>represented by Mr. Oliver G\u00fchring and G\u00fchring Management Board SE (HRB 801564 Stuttgart Local Court)<br \/>in turn represented by the members of the Executive Board Oliver G\u00fchring, Bernd Schwanz and Jochen Bitzer<\/h4>\n<p>&nbsp;<\/p>\n<p>Overall responsibility: Eric Friedrich<\/p>\n<p>[\/et_pb_text][\/et_pb_column][\/et_pb_row][et_pb_row column_structure=&#8221;1_2,1_2&#8243; admin_label=&#8221;row&#8221; _builder_version=&#8221;4.16&#8243; background_size=&#8221;initial&#8221; background_position=&#8221;top_left&#8221; background_repeat=&#8221;repeat&#8221; global_colors_info=&#8221;{}&#8221;][et_pb_column type=&#8221;1_2&#8243; _builder_version=&#8221;4.16&#8243; custom_padding=&#8221;|||&#8221; global_colors_info=&#8221;{}&#8221; custom_padding__hover=&#8221;|||&#8221;][et_pb_text _builder_version=&#8221;4.16&#8243; background_size=&#8221;initial&#8221; background_position=&#8221;top_left&#8221; background_repeat=&#8221;repeat&#8221; global_colors_info=&#8221;{}&#8221;][\/et_pb_text][\/et_pb_column][et_pb_column type=&#8221;1_2&#8243; _builder_version=&#8221;4.16&#8243; custom_padding=&#8221;|||&#8221; global_colors_info=&#8221;{}&#8221; custom_padding__hover=&#8221;|||&#8221;][et_pb_text admin_label=&#8221;Link to the laws&#8221; _builder_version=&#8221;4.16&#8243; background_size=&#8221;initial&#8221; background_position=&#8221;top_left&#8221; background_repeat=&#8221;repeat&#8221; global_colors_info=&#8221;{}&#8221;]<\/p>\n<h2><\/h2>\n<h3>RAISON SOCIALE\u00a0: <strong>GUHRING ALSACE SARL<\/strong><\/h3>\n<h3>N\u00b0 REGISTRE COMMERCE\u00a0: <strong>R.C.S. Saverne 2007 B 49<\/strong><\/h3>\n<h3>TVA Intracommunautaire\u00a0:<strong> FR27349933713<\/strong><\/h3>\n<h3>Code APE\u00a0: <strong>4669B<\/strong><\/h3>\n<p>&nbsp;<\/p>\n<p>&nbsp;<br \/>\n[\/et_pb_text][\/et_pb_column][\/et_pb_row][et_pb_row _builder_version=&#8221;4.16&#8243; background_size=&#8221;initial&#8221; background_position=&#8221;top_left&#8221; background_repeat=&#8221;repeat&#8221; global_colors_info=&#8221;{}&#8221;][et_pb_column type=&#8221;4_4&#8243; _builder_version=&#8221;4.16&#8243; custom_padding=&#8221;|||&#8221; global_colors_info=&#8221;{}&#8221; custom_padding__hover=&#8221;|||&#8221;][et_pb_text _builder_version=&#8221;4.27.4&#8243; global_colors_info=&#8221;{}&#8221;]<\/p>\n<div class=\"et_pb_text et_pb_module et_pb_bg_layout_light et_pb_text_align_left et_pb_text_5\">\n<div class=\"et_pb_text_inner\">\n<div class=\" et_pb_row et_pb_row_3\">\n<div class=\"et_pb_column et_pb_column_4_4 et_pb_column_5 et_pb_css_mix_blend_mode_passthrough et-last-child\">\n<div class=\"et_pb_text et_pb_module et_pb_bg_layout_light et_pb_text_align_left et_pb_text_5\">\n<div class=\"et_pb_text_inner\">\n<h3><strong><span lang=\"FR\">R\u00e8glement des litiges de consommation<\/span><\/strong><\/h3>\n<p><span lang=\"FR\">Conform\u00e9ment au \u00a7 36 de la loi allemande sur le r\u00e8glement des litiges de consommation (VSBG), nous sommes tenus de vous informer que nous ne sommes pas dans l\u2019obligation de participer \u00e0 une proc\u00e9dure de r\u00e8glement des litiges devant un organisme de m\u00e9diation pour les consommateurs.<\/span><\/p>\n<\/div>\n<\/div>\n<\/div>\n<\/div>\n<\/div>\n<\/div>\n<p>[\/et_pb_text][\/et_pb_column][\/et_pb_row][\/et_pb_section][et_pb_section fb_built=&#8221;1&#8243; admin_label=&#8221;section&#8221; _builder_version=&#8221;4.16&#8243; global_colors_info=&#8221;{}&#8221;][et_pb_row admin_label=&#8221;row&#8221; _builder_version=&#8221;4.16&#8243; background_size=&#8221;initial&#8221; background_position=&#8221;top_left&#8221; background_repeat=&#8221;repeat&#8221; global_colors_info=&#8221;{}&#8221;][et_pb_column type=&#8221;4_4&#8243; _builder_version=&#8221;4.16&#8243; custom_padding=&#8221;|||&#8221; global_colors_info=&#8221;{}&#8221; custom_padding__hover=&#8221;|||&#8221;][et_pb_text admin_label=&#8221;Liability exclusion&#8221; _builder_version=&#8221;4.16&#8243; background_size=&#8221;initial&#8221; background_position=&#8221;top_left&#8221; background_repeat=&#8221;repeat&#8221; use_border_color=&#8221;off&#8221; border_color=&#8221;#ffffff&#8221; border_style=&#8221;solid&#8221; global_colors_info=&#8221;{}&#8221;]<\/p>\n<h2>Liability exclusion<\/h2>\n<h4>1. Content of online offer<\/h4>\n<p>The author assumes no responsibility for the currency, correctness, completeness or quality of the information provided. Liability claims against the author that relate to damages of material or non-material nature caused by the utilisation or non-utilisation of information presented or through the utilisation of incorrect or incomplete information are fundamentally excluded provided that on part of the author there is no provable, deliberate or negligent fault. All offers are subject to change and are non-binding. The author expressly reserves the right to change, supplement, delete parts of the pages or the entire offer without prior announcement or cease the publication temporarily or permanently.<\/p>\n<h4>2. References and links<\/h4>\n<p>With direct or indirect references to third party websites (&#8220;hyperlinks&#8221;) which are outside the responsibility of the author, a liability obligation would only come into force if the author had knowledge of the content and it would have been technically feasible and reasonable for him to prevent the utilisation in case of illegal contents. The author hereby expressly declares that at the time of the creation of the links no illegal contents knowingly existed on the pages to be linked. The author has no influence whatsoever on the current and future design of the contents or the authorship of the linked\/connected pages. Therefore the author herewith disassociates him-\/herself expressly from all contents of all linked\/connected pages that were modified following the creation of the link. This statement applies to all links and references within the web site created by the author as well as to third party entries in guestbooks, discussion forums, link indexes, mailing lists and all other forms of data bases and where the contents, set up by the author, can be accessed and externally written over. The user of the referenced web site is solely responsible for illegal, faulty or incomplete contents and especially damages resulting from the use or misuse of information presented in this way and not the party that simply refers to the relevant publication through links.<\/p>\n<h4>3. Copyright and Trademark Rights<\/h4>\n<p>In all publications the author strives to observe the copyright laws when using images, graphics, audio documents, video sequences and texts that he\/she has produced or to fall back on royalty-free graphics, audio documents,video sequences and texts. All protected brand names and trademarks mentioned in the Internet offer are without restriction subject to the terms of the respective and valid labelling laws and rights of possession of each of the registered owners. The sole mention of a trademark on this webside should not lead to the assumption that it is not protected by the rights of a third party! The copyright for published material created by the author remains the property of the author. Any reproduction or use of such graphics, audio documents, video sequences and texts in other electronic or printed publications is not permissible without the express permission of the author.<\/p>\n<h4>4. Data protection<\/h4>\n<p>If the Internet offer provides the option of entering personal or business data (e-mail addresses, names, addresses), the submission of such data is carried out by the user on a completely voluntary basis. The use of and payment for all services offered is permitted\u2013 if technically possible and reasonable \u2013 without specification of such data or under specification of anonomous data or an alias. The use in the context of the imprint or comparable data like published postal addresses, telephone and fax numbers as well as e-mail adresses by a third party for the sending of information not expressly requested is not permitted. Legal steps against the sender of so-called spam mail in contravention of this prohibition is explicitly reserved .<\/p>\n<h4>5. Legal effectiveness of this disclaimer<\/h4>\n<p>This liability disclaimer is to be regarded as part of the Internet offer for which you have been referred to. If any parts or single sections of this text should not partially or not completely correspond to the current legal conditions then the remaining parts of the document remain unaffected with regard to their content and validity.<\/p>\n<h4>6. Web analytics<\/h4>\n<p>This website uses Piwik, a web analystics open-source software for statistic evaluation of visitor accesses whereby we will improve our webpage permanently. Piwik is using Cookies. These Cookies are text files which are getting stored on your computer allowing us to analyze how visitors use our website.<\/p>\n<p>The usage information generated by the Cookies will be aggregated and analyzed only by our own employees. Your IP address will be immediately anonymized during the processing and before the storage. This ensures that our analysis is made in an anonymous form.<\/p>\n<p>The information generated by the Cookies regarding your usage of this website will not be disclosed to third parties and is only used for improving our website.<\/p>\n<p>If you do not accept this approach and the anonymized analysis of the usage behavior, you can object to this. For this you can configure in your browser \u201eDo Not Track\u201c or \u201eTell websites, not to track my activities\u201c.<br \/>\n[\/et_pb_text][\/et_pb_column][\/et_pb_row][\/et_pb_section]<\/p>\n","protected":false},"excerpt":{"rendered":"<p>Adresse: G\u00fchring France PA rue des acacias 67870 Bischoffsheim France Alsace &nbsp; &nbsp; &nbsp; Contact T\u00e9l. : +33 38 83 34 12 8 Fax\u00a0: +33 38 83 34 14 5 E-mail : info@guhring-alsace.com &nbsp; Company information Managing partners: Oliver G\u00fchringG\u00fchring Holding KG (HRA 742836 Stuttgart Local Court)represented by Mr. Oliver G\u00fchring and G\u00fchring Management Board [&hellip;]<\/p>\n","protected":false},"author":1,"featured_media":0,"parent":0,"menu_order":0,"comment_status":"open","ping_status":"open","template":"","meta":{"_et_pb_use_builder":"on","_et_pb_old_content":"","_et_gb_content_width":"","footnotes":""},"class_list":["post-228","page","type-page","status-publish","hentry"],"_links":{"self":[{"href":"https:\/\/www.guhring-alsace.com\/index.php?rest_route=\/wp\/v2\/pages\/228","targetHints":{"allow":["GET"]}}],"collection":[{"href":"https:\/\/www.guhring-alsace.com\/index.php?rest_route=\/wp\/v2\/pages"}],"about":[{"href":"https:\/\/www.guhring-alsace.com\/index.php?rest_route=\/wp\/v2\/types\/page"}],"author":[{"embeddable":true,"href":"https:\/\/www.guhring-alsace.com\/index.php?rest_route=\/wp\/v2\/users\/1"}],"replies":[{"embeddable":true,"href":"https:\/\/www.guhring-alsace.com\/index.php?rest_route=%2Fwp%2Fv2%2Fcomments&post=228"}],"version-history":[{"count":17,"href":"https:\/\/www.guhring-alsace.com\/index.php?rest_route=\/wp\/v2\/pages\/228\/revisions"}],"predecessor-version":[{"id":2033,"href":"https:\/\/www.guhring-alsace.com\/index.php?rest_route=\/wp\/v2\/pages\/228\/revisions\/2033"}],"wp:attachment":[{"href":"https:\/\/www.guhring-alsace.com\/index.php?rest_route=%2Fwp%2Fv2%2Fmedia&parent=228"}],"curies":[{"name":"wp","href":"https:\/\/api.w.org\/{rel}","templated":true}]}}