{"id":222,"date":"2014-03-25T12:02:23","date_gmt":"2014-03-25T10:02:23","guid":{"rendered":"http:\/\/sv-webdev2.guehring.de\/wp_laender2\/?page_id=222"},"modified":"2022-04-25T08:35:11","modified_gmt":"2022-04-25T08:35:11","slug":"news","status":"publish","type":"page","link":"https:\/\/www.guhring-alsace.com\/?page_id=222","title":{"rendered":"News"},"content":{"rendered":"<p>[et_pb_section fb_built=&#8221;1&#8243; admin_label=&#8221;section&#8221; _builder_version=&#8221;3.22&#8243; background_color=&#8221;#ffffff&#8221; background_image=&#8221;\/wp-content\/uploads\/2014\/03\/HG_branchen.jpg&#8221; parallax=&#8221;on&#8221; parallax_method=&#8221;off&#8221; transparent_background=&#8221;off&#8221; global_colors_info=&#8221;{}&#8221;][et_pb_row admin_label=&#8221;row&#8221; _builder_version=&#8221;3.25&#8243; background_size=&#8221;initial&#8221; background_position=&#8221;top_left&#8221; background_repeat=&#8221;repeat&#8221; global_colors_info=&#8221;{}&#8221;][et_pb_column type=&#8221;4_4&#8243; _builder_version=&#8221;3.25&#8243; custom_padding=&#8221;|||&#8221; global_colors_info=&#8221;{}&#8221; custom_padding__hover=&#8221;|||&#8221;][et_pb_text admin_label=&#8221;RF100 Aktionstext&#8221; _builder_version=&#8221;3.27.4&#8243; background_size=&#8221;initial&#8221; background_position=&#8221;top_left&#8221; background_repeat=&#8221;repeat&#8221; global_colors_info=&#8221;{}&#8221;]<a name=\"actions\"><\/a><\/p>\n<h1><strong>Fraises CR 100 de G\u00fchring\u00a0pour l\u2019usinage CFRP et composites<\/strong><\/h1>\n<h2>L&#8217;usinage de mat\u00e9riaux sophistiqu\u00e9s tels les plastiques renforc\u00e9s avec des fibres de carbone (CFRP) est un d\u00e9fi croissant pour les fabricants d&#8217;outils coupants. La recherche incessante de rentabilit\u00e9 sur ce type de mat\u00e9riaux impose l\u2019utilisation d\u2019outils high-tech et performants permettant d\u2019\u00e9viter le d\u00e9laminage, les projections de fibres sur le composant ainsi que tout dommage thermique tout en usinant avec une extr\u00eame performance.<\/h2>\n<h2>Les nouveaux types de CFRP tendent \u00e0 r\u00e9duire la teneur en r\u00e9sine et surtout \u00e0 croiser les fibres entre elles. Auparavant les fibres \u00e9taient orient\u00e9es de mani\u00e8re unidirectionnelle et bien qu\u2019elles soient fermement jointes les unes aux autres, les r\u00e9sultats ont d\u00e9montr\u00e9 un manque d\u2019unification, les fibres se d\u00e9tachaient facilement du composite.<\/h2>\n<p>[\/et_pb_text][\/et_pb_column][\/et_pb_row][et_pb_row column_structure=&#8221;1_3,2_3&#8243; admin_label=&#8221;row&#8221; _builder_version=&#8221;3.25&#8243; background_size=&#8221;initial&#8221; background_position=&#8221;top_left&#8221; background_repeat=&#8221;repeat&#8221; global_colors_info=&#8221;{}&#8221;][et_pb_column type=&#8221;1_3&#8243; _builder_version=&#8221;3.25&#8243; custom_padding=&#8221;|||&#8221; global_colors_info=&#8221;{}&#8221; custom_padding__hover=&#8221;|||&#8221;][et_pb_image src=&#8221;\/wp-content\/uploads\/2014\/03\/news01.jpg&#8221; align_tablet=&#8221;center&#8221; align_phone=&#8221;center&#8221; align_last_edited=&#8221;on|desktop&#8221; _builder_version=&#8221;3.23&#8243; animation_style=&#8221;slide&#8221; animation_direction=&#8221;left&#8221; animation_duration=&#8221;500ms&#8221; animation_intensity_slide=&#8221;10%&#8221; animation=&#8221;left&#8221; sticky=&#8221;off&#8221; global_colors_info=&#8221;{}&#8221;][\/et_pb_image][\/et_pb_column][et_pb_column type=&#8221;2_3&#8243; _builder_version=&#8221;3.25&#8243; custom_padding=&#8221;|||&#8221; global_colors_info=&#8221;{}&#8221; custom_padding__hover=&#8221;|||&#8221;][et_pb_text _builder_version=&#8221;3.27.4&#8243; background_size=&#8221;initial&#8221; background_position=&#8221;top_left&#8221; background_repeat=&#8221;repeat&#8221; global_colors_info=&#8221;{}&#8221;]<\/p>\n<h3><em>D\u00e9laminage de l\u2019\u00e9tat de surface d\u2019une pi\u00e8ce CFRP \u00e0 fibres unidirectionnelles suite au fraisage.<\/em><\/h3>\n<h3><em>Etat de surface d\u2019une pi\u00e8ce CFRP \u00e0 fibres unidirectionnelles suite au fraisage avec les nouvelles fraises CR 100 G\u00fchring<\/em>.<\/h3>\n<p>[\/et_pb_text][\/et_pb_column][\/et_pb_row][et_pb_row admin_label=&#8221;row&#8221; _builder_version=&#8221;3.25&#8243; background_size=&#8221;initial&#8221; background_position=&#8221;top_left&#8221; background_repeat=&#8221;repeat&#8221; global_colors_info=&#8221;{}&#8221;][et_pb_column type=&#8221;4_4&#8243; _builder_version=&#8221;3.25&#8243; custom_padding=&#8221;|||&#8221; global_colors_info=&#8221;{}&#8221; custom_padding__hover=&#8221;|||&#8221;][et_pb_text _builder_version=&#8221;3.27.4&#8243; background_size=&#8221;initial&#8221; background_position=&#8221;top_left&#8221; background_repeat=&#8221;repeat&#8221; global_colors_info=&#8221;{}&#8221;]<\/p>\n<h2><strong>G\u00fchring<\/strong> a donc repens\u00e9 la g\u00e9om\u00e9trie de ses fraises CR 100, celles-ci ont \u00e9t\u00e9 sp\u00e9cialement con\u00e7ues avec un espacement in\u00e9gal des dents pour limiter les vibrations et offrir les avantages suivants\u00a0:<\/h2>\n<ul>\n<li>\n<h3>pas de tendance au d\u00e9laminage pr\u00e9matur\u00e9<\/h3>\n<\/li>\n<li>\n<h3>r\u00e9sultats performants m\u00eame avec un serrage instable<\/h3>\n<\/li>\n<li>\n<h3>usinage sans d\u00e9laminage des composites<\/h3>\n<\/li>\n<li>\n<h3>dur\u00e9e de vie des outils prolong\u00e9e<\/h3>\n<\/li>\n<\/ul>\n<h3><\/h3>\n<h3>En outre, les <strong>fraises CR 100<\/strong> se distinguent par un rev\u00eatement diamant ultra r\u00e9sistant et sont disponibles avec coupe au centre (contournage, lamage) ou avec une pointe de foret (per\u00e7age avant fraisage) mais \u00e9galement sans coupe au centre (contournage) avec ou sans canaux de lubrification \u00e0 air.<\/h3>\n<h3><\/h3>\n<h3>Les fraises CR 100 sont id\u00e9ales pour solutionner les applications et cas d&#8217;usinage de l&#8217;industrie \u00e9nerg\u00e9tique et a\u00e9ronautique ainsi que dans de nombreux autres domaines.<\/h3>\n<p>[\/et_pb_text][\/et_pb_column][\/et_pb_row][et_pb_row column_structure=&#8221;1_2,1_2&#8243; admin_label=&#8221;row&#8221; _builder_version=&#8221;3.25&#8243; background_size=&#8221;initial&#8221; background_position=&#8221;top_left&#8221; background_repeat=&#8221;repeat&#8221; global_colors_info=&#8221;{}&#8221;][et_pb_column type=&#8221;1_2&#8243; _builder_version=&#8221;3.25&#8243; custom_padding=&#8221;|||&#8221; global_colors_info=&#8221;{}&#8221; custom_padding__hover=&#8221;|||&#8221;][et_pb_image src=&#8221;\/wp-content\/uploads\/2014\/03\/news03.png&#8221; align_tablet=&#8221;center&#8221; align_phone=&#8221;center&#8221; align_last_edited=&#8221;on|desktop&#8221; _builder_version=&#8221;3.23&#8243; animation_style=&#8221;slide&#8221; animation_direction=&#8221;left&#8221; animation_duration=&#8221;500ms&#8221; animation_intensity_slide=&#8221;10%&#8221; animation=&#8221;left&#8221; sticky=&#8221;off&#8221; global_colors_info=&#8221;{}&#8221;][\/et_pb_image][\/et_pb_column][et_pb_column type=&#8221;1_2&#8243; _builder_version=&#8221;3.25&#8243; custom_padding=&#8221;|||&#8221; global_colors_info=&#8221;{}&#8221; custom_padding__hover=&#8221;|||&#8221;][et_pb_text _builder_version=&#8221;3.27.4&#8243; background_size=&#8221;initial&#8221; background_position=&#8221;top_left&#8221; background_repeat=&#8221;repeat&#8221; global_colors_info=&#8221;{}&#8221;]<\/p>\n<h3><em>CR 100 Air \u2013 Fraise deux tailles \u00e0 canaux de lubrification<\/em><\/h3>\n<p>[\/et_pb_text][\/et_pb_column][\/et_pb_row][et_pb_row column_structure=&#8221;1_2,1_2&#8243; admin_label=&#8221;row&#8221; _builder_version=&#8221;3.25&#8243; background_size=&#8221;initial&#8221; background_position=&#8221;top_left&#8221; background_repeat=&#8221;repeat&#8221; global_colors_info=&#8221;{}&#8221;][et_pb_column type=&#8221;1_2&#8243; _builder_version=&#8221;3.25&#8243; custom_padding=&#8221;|||&#8221; global_colors_info=&#8221;{}&#8221; custom_padding__hover=&#8221;|||&#8221;][et_pb_image src=&#8221;\/wp-content\/uploads\/2014\/03\/news02.png&#8221; align_tablet=&#8221;center&#8221; align_phone=&#8221;center&#8221; align_last_edited=&#8221;on|desktop&#8221; _builder_version=&#8221;3.23&#8243; animation_style=&#8221;slide&#8221; animation_direction=&#8221;left&#8221; animation_duration=&#8221;500ms&#8221; animation_intensity_slide=&#8221;10%&#8221; animation=&#8221;left&#8221; sticky=&#8221;off&#8221; global_colors_info=&#8221;{}&#8221;][\/et_pb_image][\/et_pb_column][et_pb_column type=&#8221;1_2&#8243; _builder_version=&#8221;3.25&#8243; custom_padding=&#8221;|||&#8221; global_colors_info=&#8221;{}&#8221; custom_padding__hover=&#8221;|||&#8221;][et_pb_text _builder_version=&#8221;3.27.4&#8243; background_size=&#8221;initial&#8221; background_position=&#8221;top_left&#8221; background_repeat=&#8221;repeat&#8221; global_colors_info=&#8221;{}&#8221;]<\/p>\n<h3><em>CR 100 \u2013 Fraise deux tailles avec coupe au centre<\/em><\/h3>\n<p>[\/et_pb_text][\/et_pb_column][\/et_pb_row][et_pb_row _builder_version=&#8221;4.14.9&#8243; _module_preset=&#8221;default&#8221;][et_pb_column _builder_version=&#8221;4.14.9&#8243; _module_preset=&#8221;default&#8221; type=&#8221;4_4&#8243;][et_pb_text _builder_version=&#8221;4.14.9&#8243; _module_preset=&#8221;default&#8221; hover_enabled=&#8221;0&#8243; sticky_enabled=&#8221;0&#8243;]<\/p>\n<h4><a href=\"https:\/\/guehring.com\/fr\/about-us\/trade-exhibition-dates\/\" target=\"_blank\" rel=\"noopener\">Salons num\u00e9riques et dates des salons professionnels<\/a><\/h4>\n<p>[\/et_pb_text][\/et_pb_column][\/et_pb_row][\/et_pb_section][et_pb_section fb_built=&#8221;1&#8243; custom_padding_last_edited=&#8221;on|desktop&#8221; disabled_on=&#8221;on|on|on&#8221; admin_label=&#8221;section&#8221; _builder_version=&#8221;3.22&#8243; background_color=&#8221;#ffffff&#8221; background_image=&#8221;\/wp-content\/uploads\/2014\/03\/hintergrund.jpg&#8221; custom_padding_tablet=&#8221;50px|0|50px|0&#8243; custom_padding_phone=&#8221;&#8221; transparent_background=&#8221;off&#8221; padding_mobile=&#8221;off&#8221; make_fullwidth=&#8221;off&#8221; use_custom_width=&#8221;off&#8221; width_unit=&#8221;on&#8221; disabled=&#8221;on&#8221; global_colors_info=&#8221;{}&#8221;][et_pb_row admin_label=&#8221;row&#8221; _builder_version=&#8221;3.25&#8243; background_size=&#8221;initial&#8221; background_position=&#8221;top_left&#8221; background_repeat=&#8221;repeat&#8221; global_colors_info=&#8221;{}&#8221;][et_pb_column type=&#8221;4_4&#8243; _builder_version=&#8221;3.25&#8243; custom_padding=&#8221;|||&#8221; global_colors_info=&#8221;{}&#8221; custom_padding__hover=&#8221;|||&#8221;][et_pb_text admin_label=&#8221;Trade Fair Dates&#8221; _builder_version=&#8221;3.27.4&#8243; background_size=&#8221;initial&#8221; background_position=&#8221;top_left&#8221; background_repeat=&#8221;repeat&#8221; use_border_color=&#8221;off&#8221; global_colors_info=&#8221;{}&#8221;]<a name=\"tradefair\"><\/a><\/p>\n<h1>Salons 2018 Allemagne<\/h1>\n<table width=\"689\">\n<tbody>\n<tr>\n<td width=\"174\"><strong>Dates<\/strong><\/td>\n<td width=\"234\"><strong>Salons<\/strong><\/td>\n<td width=\"142\"><strong>Ville<\/strong><\/td>\n<td width=\"139\"><strong>Pays<\/strong><\/td>\n<\/tr>\n<tr>\n<td width=\"174\"> 23. &#8211; 26.01.2018<\/td>\n<td width=\"234\">Nortec<\/td>\n<td width=\"142\"> Hamburg<\/td>\n<td width=\"139\"> Deutschland<\/td>\n<\/tr>\n<tr>\n<td> 16. &#8211; 18.01.2018<\/td>\n<td>Euroguss<\/td>\n<td> N\u00fcrnberg<\/td>\n<td> Deutschland<\/td>\n<\/tr>\n<tr>\n<td> 20. &#8211; 24.02.2018<\/td>\n<td>Metav<\/td>\n<td> D\u00fcsseldorf<\/td>\n<td> Deutschland<\/td>\n<\/tr>\n<tr>\n<td> 14. &#8211; 17.03.2018<\/td>\n<td>GrindTec<\/td>\n<td> Augsburg<\/td>\n<td> Deutschland<\/td>\n<\/tr>\n<tr>\n<td> 16. &#8211; 20.04.2018<\/td>\n<td>Tube<\/td>\n<td> D\u00fcsseldorf<\/td>\n<td> Deutschland<\/td>\n<\/tr>\n<tr>\n<td> 18. &#8211; 22.09.2018<\/td>\n<td>AMB<\/td>\n<td> Stuttgart<\/td>\n<td> Deutschland<\/td>\n<\/tr>\n<\/tbody>\n<\/table>\n<p>all dates without engagement<\/p>\n<h1>Salons 2018 International<\/h1>\n<table width=\"689\">\n<tbody>\n<tr>\n<td width=\"174\"><strong>Dates<\/strong><\/td>\n<td width=\"234\"><strong>Salons<\/strong><\/td>\n<td width=\"142\"><strong>Ville<\/strong><\/td>\n<td width=\"139\"><strong>Pays<\/strong><\/td>\n<\/tr>\n<tr>\n<td width=\"174\">15. &#8211; 18.01.2018<\/td>\n<td width=\"234\">SteelFab<\/td>\n<td width=\"142\">Sharjah<\/td>\n<td width=\"139\">VEA<\/td>\n<\/tr>\n<tr>\n<td>07. &#8211; 08.02.2018<\/td>\n<td>MTMS<\/td>\n<td>Kortrijk<\/td>\n<td>Belgien<\/td>\n<\/tr>\n<tr>\n<td>20. &#8211; 23.03.2018<\/td>\n<td>TechniShow<\/td>\n<td>Utrecht<\/td>\n<td>Niederlande<\/td>\n<\/tr>\n<tr>\n<td>27. &#8211; 30.03.2018<\/td>\n<td>MachTech<\/td>\n<td>Sofia<\/td>\n<td>Bulgarien<\/td>\n<\/tr>\n<tr>\n<td>22. &#8211; 24.03.2018<\/td>\n<td>Mescpe<\/td>\n<td>Parma<\/td>\n<td>Italien<\/td>\n<\/tr>\n<tr>\n<td>03. &#8211; 07.04.2018<\/td>\n<td>Simtos<\/td>\n<td>Seoul<\/td>\n<td>Korea<\/td>\n<\/tr>\n<tr>\n<td>09. &#8211; 13.04.2018<\/td>\n<td>CCMT<\/td>\n<td>Shanghai<\/td>\n<td>China<\/td>\n<\/tr>\n<tr>\n<td>09. &#8211; 13.04.2018<\/td>\n<td>Mach<\/td>\n<td>Birmingham<\/td>\n<td>England<\/td>\n<\/tr>\n<tr>\n<td>17. &#8211; 20.04.2018<\/td>\n<td>Siams<\/td>\n<td>Moutier<\/td>\n<td>Schweiz<\/td>\n<\/tr>\n<tr>\n<td>03. &#8211; 06.04.2018<\/td>\n<td>Maschinenbau<\/td>\n<td>Minsk<\/td>\n<td>Ukraine<\/td>\n<\/tr>\n<tr>\n<td>15. &#8211; 18.05.2018<\/td>\n<td>Elmia Verktysmaskiner<\/td>\n<td>J\u00f6nk\u00f6ping<\/td>\n<td>Schweden<\/td>\n<\/tr>\n<tr>\n<td>14. &#8211; 16.05.2018<\/td>\n<td>MMTS<\/td>\n<td>Montreal<\/td>\n<td>Kanada<\/td>\n<\/tr>\n<tr>\n<td>15. &#8211; 19.05.2018<\/td>\n<td>FIMAQH<\/td>\n<td>Buenos Aires<\/td>\n<td>Argentinien<\/td>\n<\/tr>\n<tr>\n<td>14. &#8211; 18.05.2018<\/td>\n<td>Metalloobrabotka<\/td>\n<td>Moskau<\/td>\n<td>Russland<\/td>\n<\/tr>\n<tr>\n<td>06. &#8211; 08.06.2018<\/td>\n<td>Int. Metal &amp; Metallurgy<\/td>\n<td>Guangzhou<\/td>\n<td>China<\/td>\n<\/tr>\n<tr>\n<td>26. &#8211; 29.06.2018<\/td>\n<td>AMB Iran<\/td>\n<td>Teheran<\/td>\n<td>Iran<\/td>\n<\/tr>\n<tr>\n<td>10. &#8211; 15.09.2018<\/td>\n<td>IMTS Chicago<\/td>\n<td>Chicago<\/td>\n<td>USA<\/td>\n<\/tr>\n<tr>\n<td>01. &#8211; 05.10.2018<\/td>\n<td>MSV<\/td>\n<td>Br\u00fcnn<\/td>\n<td>Tschechien<\/td>\n<\/tr>\n<tr>\n<td>09. &#8211; 13.10.2018<\/td>\n<td>BIMU<\/td>\n<td>Mailand<\/td>\n<td>Italien<\/td>\n<\/tr>\n<tr>\n<td>02. &#8211; 07.10.2018<\/td>\n<td>Maktek<\/td>\n<td>Istanbul<\/td>\n<td>T\u00fcrkei<\/td>\n<\/tr>\n<tr>\n<td>01. &#8211; 06.11.2018<\/td>\n<td>JIMTOF<\/td>\n<td>Tokio<\/td>\n<td>Japan<\/td>\n<\/tr>\n<tr>\n<td>20. &#8211; 23.11.2018<\/td>\n<td>Prodex<\/td>\n<td>Basel<\/td>\n<td>Schweiz<\/td>\n<\/tr>\n<tr>\n<td>15. &#8211; 16.11.2018<\/td>\n<td>Metall<\/td>\n<td>Madrid<\/td>\n<td>Spanien<\/td>\n<\/tr>\n<tr>\n<td>Nov 2018<\/td>\n<td>Techindustry<\/td>\n<td>Riga<\/td>\n<td>Lettland<\/td>\n<\/tr>\n<tr>\n<td>21. &#8211; 24.11.2018<\/td>\n<td>Metalex<\/td>\n<td>Bangkok<\/td>\n<td>Thailand<\/td>\n<\/tr>\n<tr>\n<td>21. &#8211; 24.11.2018<\/td>\n<td>EMAF<\/td>\n<td>Porto<\/td>\n<td>Portugal<\/td>\n<\/tr>\n<\/tbody>\n<\/table>\n<p>all dates without engagement<br \/>\n[\/et_pb_text][\/et_pb_column][\/et_pb_row][\/et_pb_section]<\/p>\n","protected":false},"excerpt":{"rendered":"<p>Fraises CR 100 de G\u00fchring\u00a0pour l\u2019usinage CFRP et composites L&#8217;usinage de mat\u00e9riaux sophistiqu\u00e9s tels les plastiques renforc\u00e9s avec des fibres de carbone (CFRP) est un d\u00e9fi croissant pour les fabricants d&#8217;outils coupants. La recherche incessante de rentabilit\u00e9 sur ce type de mat\u00e9riaux impose l\u2019utilisation d\u2019outils high-tech et performants permettant d\u2019\u00e9viter le d\u00e9laminage, les projections de [&hellip;]<\/p>\n","protected":false},"author":1,"featured_media":0,"parent":0,"menu_order":0,"comment_status":"open","ping_status":"open","template":"","meta":{"_et_pb_use_builder":"on","_et_pb_old_content":"","_et_gb_content_width":"","footnotes":""},"class_list":["post-222","page","type-page","status-publish","hentry"],"_links":{"self":[{"href":"https:\/\/www.guhring-alsace.com\/index.php?rest_route=\/wp\/v2\/pages\/222","targetHints":{"allow":["GET"]}}],"collection":[{"href":"https:\/\/www.guhring-alsace.com\/index.php?rest_route=\/wp\/v2\/pages"}],"about":[{"href":"https:\/\/www.guhring-alsace.com\/index.php?rest_route=\/wp\/v2\/types\/page"}],"author":[{"embeddable":true,"href":"https:\/\/www.guhring-alsace.com\/index.php?rest_route=\/wp\/v2\/users\/1"}],"replies":[{"embeddable":true,"href":"https:\/\/www.guhring-alsace.com\/index.php?rest_route=%2Fwp%2Fv2%2Fcomments&post=222"}],"version-history":[{"count":23,"href":"https:\/\/www.guhring-alsace.com\/index.php?rest_route=\/wp\/v2\/pages\/222\/revisions"}],"predecessor-version":[{"id":1977,"href":"https:\/\/www.guhring-alsace.com\/index.php?rest_route=\/wp\/v2\/pages\/222\/revisions\/1977"}],"wp:attachment":[{"href":"https:\/\/www.guhring-alsace.com\/index.php?rest_route=%2Fwp%2Fv2%2Fmedia&parent=222"}],"curies":[{"name":"wp","href":"https:\/\/api.w.org\/{rel}","templated":true}]}}