{"id":220,"date":"2014-03-25T12:01:47","date_gmt":"2014-03-25T10:01:47","guid":{"rendered":"http:\/\/sv-webdev2.guehring.de\/wp_laender2\/?page_id=220"},"modified":"2022-04-25T09:10:02","modified_gmt":"2022-04-25T09:10:02","slug":"unternehmen","status":"publish","type":"page","link":"https:\/\/www.guhring-alsace.com\/?page_id=220","title":{"rendered":"Information"},"content":{"rendered":"<p>[et_pb_section fb_built=&#8221;1&#8243; _builder_version=&#8221;3.22&#8243; background_color=&#8221;#ffffff&#8221; background_image=&#8221;\/wp-content\/uploads\/2014\/03\/unternehmen.jpg&#8221; transparent_background=&#8221;off&#8221; global_colors_info=&#8221;{}&#8221;][et_pb_row _builder_version=&#8221;3.25&#8243; background_size=&#8221;initial&#8221; background_position=&#8221;top_left&#8221; background_repeat=&#8221;repeat&#8221; global_colors_info=&#8221;{}&#8221;][et_pb_column type=&#8221;4_4&#8243; _builder_version=&#8221;3.25&#8243; custom_padding=&#8221;|||&#8221; global_colors_info=&#8221;{}&#8221; custom_padding__hover=&#8221;|||&#8221;][et_pb_text admin_label=&#8221;Eigene Hartmetall-Herstellung&#8230;.&#8221; _builder_version=&#8221;3.27.4&#8243; background_size=&#8221;initial&#8221; background_position=&#8221;top_left&#8221; background_repeat=&#8221;repeat&#8221; global_colors_info=&#8221;{}&#8221;]<a name=\"presentation\"><\/a><\/p>\n<h2>Notre propre production de carbure. Notre propre construction de machines. Notre propre technologie de rev\u00eatements. Qualit\u00e9 G\u00fchring assur\u00e9e dans le monde entier. Dans plus de 60 centres de production et de services. 46 filiales mondiales. A votre service \u00e0 tout moment \u2013 partout dans le monde.<\/h2>\n<p>[\/et_pb_text][et_pb_divider show_divider=&#8221;off&#8221; disabled_on=&#8221;on|on|off&#8221; _builder_version=&#8221;3.23.4&#8243; height=&#8221;600px&#8221; global_colors_info=&#8221;{}&#8221;][\/et_pb_divider][\/et_pb_column][\/et_pb_row][\/et_pb_section][et_pb_section fb_built=&#8221;1&#8243; _builder_version=&#8221;3.22&#8243; background_color=&#8221;#ffffff&#8221; background_image=&#8221;\/wp-content\/uploads\/2014\/03\/unternehmen_verlauf.jpg&#8221; transparent_background=&#8221;off&#8221; global_colors_info=&#8221;{}&#8221;][et_pb_row column_structure=&#8221;1_4,1_4,1_4,1_4&#8243; _builder_version=&#8221;3.25&#8243; background_size=&#8221;initial&#8221; background_position=&#8221;top_left&#8221; background_repeat=&#8221;repeat&#8221; global_colors_info=&#8221;{}&#8221;][et_pb_column type=&#8221;1_4&#8243; _builder_version=&#8221;3.25&#8243; custom_padding=&#8221;|||&#8221; global_colors_info=&#8221;{}&#8221; custom_padding__hover=&#8221;|||&#8221;][et_pb_text admin_label=&#8221;Dr. J\u00f6rg G\u00fchring&#8221; _builder_version=&#8221;3.27.4&#8243; background_size=&#8221;initial&#8221; background_position=&#8221;top_left&#8221; background_repeat=&#8221;repeat&#8221; global_colors_info=&#8221;{}&#8221;]<\/p>\n<div>\n<div>\n<h3>Dr. J\u00f6rg G\u00fchring<\/h3>\n<h4>\u2020 26.01.2021<br \/>Pr\u00e9sident de la Direction 1985-2021<\/h4>\n<\/div>\n<\/div>\n<p>[\/et_pb_text][\/et_pb_column][et_pb_column type=&#8221;1_4&#8243; _builder_version=&#8221;3.25&#8243; custom_padding=&#8221;|||&#8221; global_colors_info=&#8221;{}&#8221; custom_padding__hover=&#8221;|||&#8221;][et_pb_text admin_label=&#8221;Oliver G\u00fchring&#8221; _builder_version=&#8221;3.27.4&#8243; background_size=&#8221;initial&#8221; background_position=&#8221;top_left&#8221; background_repeat=&#8221;repeat&#8221; global_colors_info=&#8221;{}&#8221;]<\/p>\n<div>\n<div>\n<h3>Oliver G\u00fchring<\/h3>\n<h4>Pr\u00e9sident du Conseil d\u2019Administration<br \/>Directeur des Ventes et du Marketing<\/h4>\n<\/div>\n<\/div>\n<p>[\/et_pb_text][\/et_pb_column][et_pb_column type=&#8221;1_4&#8243; _builder_version=&#8221;3.25&#8243; custom_padding=&#8221;|||&#8221; global_colors_info=&#8221;{}&#8221; custom_padding__hover=&#8221;|||&#8221;][et_pb_text admin_label=&#8221;Dietmar Pfr\u00e4nger&#8221; _builder_version=&#8221;3.27.4&#8243; background_size=&#8221;initial&#8221; background_position=&#8221;top_left&#8221; background_repeat=&#8221;repeat&#8221; global_colors_info=&#8221;{}&#8221;]<\/p>\n<h3>Dietmar Pfr\u00e4nger<\/h3>\n<h4>Directeur R&amp;D, Logistique, Technique et Production<\/h4>\n<p>[\/et_pb_text][\/et_pb_column][et_pb_column type=&#8221;1_4&#8243; _builder_version=&#8221;3.25&#8243; custom_padding=&#8221;|||&#8221; global_colors_info=&#8221;{}&#8221; custom_padding__hover=&#8221;|||&#8221;][et_pb_text admin_label=&#8221;Bernd Schatz&#8221; _builder_version=&#8221;3.27.4&#8243; background_size=&#8221;initial&#8221; background_position=&#8221;top_left&#8221; background_repeat=&#8221;repeat&#8221; global_colors_info=&#8221;{}&#8221;]<\/p>\n<div>\n<div>\n<h3>Bernd Schatz<\/h3>\n<h4>Directeur Administratif et Financier<\/h4>\n<\/div>\n<\/div>\n<p>[\/et_pb_text][\/et_pb_column][\/et_pb_row][et_pb_row _builder_version=&#8221;3.25&#8243; background_size=&#8221;initial&#8221; background_position=&#8221;top_left&#8221; background_repeat=&#8221;repeat&#8221; global_colors_info=&#8221;{}&#8221;][et_pb_column type=&#8221;4_4&#8243; _builder_version=&#8221;3.25&#8243; custom_padding=&#8221;|||&#8221; global_colors_info=&#8221;{}&#8221; custom_padding__hover=&#8221;|||&#8221;][et_pb_text admin_label=&#8221;G\u00fchring ist ein traditionsreiches Unternehmen&#8230;&#8221; _builder_version=&#8221;3.27.4&#8243; background_size=&#8221;initial&#8221; background_position=&#8221;top_left&#8221; background_repeat=&#8221;repeat&#8221; global_colors_info=&#8221;{}&#8221;]<\/p>\n<div id=\"m75\">\n<div>\n<div>\n<div>\n<h1>G\u00fchring est une entreprise riche en traditions et aujourd\u2019hui un des leaders mondiaux des fabricants d\u2019outils coupants.<\/h1>\n<\/div>\n<\/div>\n<div>\n<div>\n<h2>Productivit\u00e9 maximale, efficacit\u00e9 \u00e9conomique et performance d\u2019usinage sont les principes sur lesquels nos outils sont con\u00e7us et fabriqu\u00e9s depuis plus de 100 ans.<\/h2>\n<h3>Nos clients font enti\u00e8rement confiance \u00e0 nos outils de pr\u00e9cision o\u00f9 le mat\u00e9riau, la g\u00e9om\u00e9trie et le rev\u00eatement sont en ad\u00e9quation parfaite. Notre propre production de carbure, notre propre construction de machines et \u00e9quipements, notre propre technologie de rev\u00eatements ainsi que nos centres de Recherche et D\u00e9veloppement \u00e0 la pointe de la technologie, assurent notre leadership sur le march\u00e9 des outils coupants rotatifs. Notre division Services offre un soutien personnalis\u00e9 dans tous les domaines de l&#8217;outillage jusqu&#8217;\u00e0 la gestion compl\u00e8te de l&#8217;outil.<\/h3>\n<\/div>\n<\/div>\n<\/div>\n<\/div>\n<p>&nbsp;<br \/>\n[\/et_pb_text][\/et_pb_column][\/et_pb_row][\/et_pb_section][et_pb_section fb_built=&#8221;1&#8243; _builder_version=&#8221;3.22&#8243; background_color=&#8221;#ffffff&#8221; background_image=&#8221;\/wp-content\/uploads\/2014\/03\/hg_wertschoepfung.jpg&#8221; parallax=&#8221;on&#8221; parallax_method=&#8221;off&#8221; transparent_background=&#8221;off&#8221; global_colors_info=&#8221;{}&#8221;][et_pb_row _builder_version=&#8221;3.25&#8243; background_size=&#8221;initial&#8221; background_position=&#8221;top_left&#8221; background_repeat=&#8221;repeat&#8221; global_colors_info=&#8221;{}&#8221;][et_pb_column type=&#8221;4_4&#8243; _builder_version=&#8221;3.25&#8243; custom_padding=&#8221;|||&#8221; global_colors_info=&#8221;{}&#8221; custom_padding__hover=&#8221;|||&#8221;][et_pb_text admin_label=&#8221;Value-added chain&#8221; _builder_version=&#8221;3.27.4&#8243; background_size=&#8221;initial&#8221; background_position=&#8221;top_left&#8221; background_repeat=&#8221;repeat&#8221; global_colors_info=&#8221;{}&#8221;]<\/p>\n<h1>Cha\u00eene de valeur ajout\u00e9e<\/h1>\n<h2>Optimisation de l\u2019ensemble des param\u00e8tres des outils gr\u00e2ce \u00e0 notre d\u00e9partement R&amp;D<\/h2>\n<p>&nbsp;<br \/>\n[\/et_pb_text][et_pb_image src=&#8221;\/wp-content\/uploads\/2014\/03\/wertschoepfungskette_fr.png&#8221; align_tablet=&#8221;center&#8221; align_phone=&#8221;center&#8221; align_last_edited=&#8221;on|desktop&#8221; admin_label=&#8221;Wertsch\u00f6pfungskette&#8221; _builder_version=&#8221;3.23&#8243; animation_style=&#8221;slide&#8221; animation_direction=&#8221;left&#8221; animation_duration=&#8221;500ms&#8221; animation_intensity_slide=&#8221;10%&#8221; animation=&#8221;left&#8221; sticky=&#8221;off&#8221; global_colors_info=&#8221;{}&#8221;][\/et_pb_image][\/et_pb_column][\/et_pb_row][\/et_pb_section][et_pb_section fb_built=&#8221;1&#8243; _builder_version=&#8221;3.22&#8243; background_color=&#8221;#ffffff&#8221; background_image=&#8221;\/wp-content\/uploads\/2014\/03\/zeitleiste.jpg&#8221; transparent_background=&#8221;off&#8221; global_colors_info=&#8221;{}&#8221;][et_pb_row _builder_version=&#8221;3.25&#8243; background_size=&#8221;initial&#8221; background_position=&#8221;top_left&#8221; background_repeat=&#8221;repeat&#8221; global_colors_info=&#8221;{}&#8221;][et_pb_column type=&#8221;4_4&#8243; _builder_version=&#8221;3.25&#8243; custom_padding=&#8221;|||&#8221; global_colors_info=&#8221;{}&#8221; custom_padding__hover=&#8221;|||&#8221;][et_pb_text _builder_version=&#8221;3.27.4&#8243; background_size=&#8221;initial&#8221; background_position=&#8221;top_left&#8221; background_repeat=&#8221;repeat&#8221; global_colors_info=&#8221;{}&#8221;]<\/p>\n<h1>Faits et chiffres<\/h1>\n<p>&nbsp;<br \/>\n[\/et_pb_text][\/et_pb_column][\/et_pb_row][et_pb_row column_structure=&#8221;1_2,1_2&#8243; _builder_version=&#8221;3.25&#8243; background_size=&#8221;initial&#8221; background_position=&#8221;top_left&#8221; background_repeat=&#8221;repeat&#8221; global_colors_info=&#8221;{}&#8221;][et_pb_column type=&#8221;1_2&#8243; _builder_version=&#8221;3.25&#8243; custom_padding=&#8221;|||&#8221; global_colors_info=&#8221;{}&#8221; custom_padding__hover=&#8221;|||&#8221;][et_pb_text admin_label=&#8221;trenner&#8221; _builder_version=&#8221;4.14.9&#8243; background_size=&#8221;initial&#8221; background_position=&#8221;top_left&#8221; background_repeat=&#8221;repeat&#8221; global_colors_info=&#8221;{}&#8221;]<img loading=\"lazy\" decoding=\"async\" class=\"alignnone wp-image-1684 size-full\" src=\"\/wp-content\/uploads\/2014\/03\/strich_links.png\" alt=\"strich_links\" width=\"480\" height=\"80\" srcset=\"https:\/\/www.guhring-alsace.com\/wp-content\/uploads\/2014\/03\/strich_links.png 480w, https:\/\/www.guhring-alsace.com\/wp-content\/uploads\/2014\/03\/strich_links-300x50.png 300w\" sizes=\"(max-width: 480px) 100vw, 480px\" \/>[\/et_pb_text][et_pb_text admin_label=&#8221;1898 founded by&#8221; _builder_version=&#8221;3.27.4&#8243; background_size=&#8221;initial&#8221; background_position=&#8221;top_left&#8221; background_repeat=&#8221;repeat&#8221; global_colors_info=&#8221;{}&#8221;]<\/p>\n<div>\n<div>\n<h2>1898 Fondation par<\/h2>\n<h1>Gottlieb G\u00fchring<\/h1>\n<\/div>\n<\/div>\n<p>[\/et_pb_text][et_pb_divider show_divider=&#8221;off&#8221; disabled_on=&#8221;on|on|off&#8221; _builder_version=&#8221;3.23.4&#8243; height=&#8221;150px&#8221; global_colors_info=&#8221;{}&#8221;][\/et_pb_divider][et_pb_text admin_label=&#8221;1921 Oskar G\u00fchring&#8221; _builder_version=&#8221;3.27.4&#8243; background_size=&#8221;initial&#8221; background_position=&#8221;top_left&#8221; background_repeat=&#8221;repeat&#8221; global_colors_info=&#8221;{}&#8221;]<\/p>\n<h1>1921 Oskar G\u00fchring,<\/h1>\n<h3>fils du fondateur,<\/h3>\n<h2>prend la direction de l\u2019entreprise suite au d\u00e9c\u00e8s de son p\u00e8re en 1913<\/h2>\n<p>[\/et_pb_text][et_pb_divider show_divider=&#8221;off&#8221; disabled_on=&#8221;on|on|off&#8221; _builder_version=&#8221;3.23.4&#8243; height=&#8221;50px&#8221; global_colors_info=&#8221;{}&#8221;][\/et_pb_divider][et_pb_text admin_label=&#8221;1964 Dr. J\u00f6rg G\u00fchring&#8230;&#8221; _builder_version=&#8221;3.27.4&#8243; background_size=&#8221;initial&#8221; background_position=&#8221;top_left&#8221; background_repeat=&#8221;repeat&#8221; global_colors_info=&#8221;{}&#8221;]<\/p>\n<div>\n<div>\n<h1>1964 Dr. J\u00f6rg G\u00fchring<\/h1>\n<h2>rejoint l\u2019entreprise<\/h2>\n<\/div>\n<\/div>\n<p>[\/et_pb_text][et_pb_divider show_divider=&#8221;off&#8221; disabled_on=&#8221;on|on|off&#8221; _builder_version=&#8221;3.23.4&#8243; height=&#8221;50px&#8221; global_colors_info=&#8221;{}&#8221;][\/et_pb_divider][et_pb_text admin_label=&#8221;1985&#8243; _builder_version=&#8221;3.27.4&#8243; background_size=&#8221;initial&#8221; background_position=&#8221;top_left&#8221; background_repeat=&#8221;repeat&#8221; global_colors_info=&#8221;{}&#8221;]<\/p>\n<div>\n<div>\n<h1>1985<\/h1>\n<h2>Dr. J\u00f6rg G\u00fchring<\/h2>\n<h1>prend la direction<\/h1>\n<h2>de l\u2019entreprise<\/h2>\n<\/div>\n<\/div>\n<p>[\/et_pb_text][et_pb_divider show_divider=&#8221;off&#8221; disabled_on=&#8221;on|on|off&#8221; _builder_version=&#8221;3.23.4&#8243; height=&#8221;50px&#8221; global_colors_info=&#8221;{}&#8221;][\/et_pb_divider][et_pb_text admin_label=&#8221;2000&#8243; _builder_version=&#8221;3.27.4&#8243; background_size=&#8221;initial&#8221; background_position=&#8221;top_left&#8221; background_repeat=&#8221;repeat&#8221; global_colors_info=&#8221;{}&#8221;]<\/p>\n<div>\n<div>\n<h1>2000<br \/>\nOliver G\u00fchring<\/h1>\n<h2>rejoint l\u2019entreprise<\/h2>\n<\/div>\n<\/div>\n<p>[\/et_pb_text][\/et_pb_column][et_pb_column type=&#8221;1_2&#8243; _builder_version=&#8221;3.25&#8243; custom_padding=&#8221;|||&#8221; global_colors_info=&#8221;{}&#8221; custom_padding__hover=&#8221;|||&#8221;][et_pb_divider show_divider=&#8221;off&#8221; disabled_on=&#8221;on|on|off&#8221; _builder_version=&#8221;3.23.4&#8243; height=&#8221;50px&#8221; global_colors_info=&#8221;{}&#8221;][\/et_pb_divider][et_pb_text admin_label=&#8221;trenner&#8221; _builder_version=&#8221;4.14.9&#8243; background_size=&#8221;initial&#8221; background_position=&#8221;top_left&#8221; background_repeat=&#8221;repeat&#8221; global_colors_info=&#8221;{}&#8221;]<img loading=\"lazy\" decoding=\"async\" class=\"alignnone wp-image-1683 size-full\" src=\"\/wp-content\/uploads\/2014\/03\/strich_rechts1.png\" alt=\"strich_rechts\" width=\"380\" height=\"64\" srcset=\"https:\/\/www.guhring-alsace.com\/wp-content\/uploads\/2014\/03\/strich_rechts1.png 380w, https:\/\/www.guhring-alsace.com\/wp-content\/uploads\/2014\/03\/strich_rechts1-300x51.png 300w\" sizes=\"(max-width: 380px) 100vw, 380px\" \/>[\/et_pb_text][et_pb_text admin_label=&#8221;Inventor&#8221; _builder_version=&#8221;3.27.4&#8243; background_size=&#8221;initial&#8221; background_position=&#8221;top_left&#8221; background_repeat=&#8221;repeat&#8221; global_colors_info=&#8221;{}&#8221;]<\/p>\n<h1>Inventeur<\/h1>\n<h2>du rev\u00eatement d&#8217;outil<\/h2>\n<p>[\/et_pb_text][et_pb_text admin_label=&#8221;trenner&#8221; _builder_version=&#8221;4.14.9&#8243; background_size=&#8221;initial&#8221; background_position=&#8221;top_left&#8221; background_repeat=&#8221;repeat&#8221; global_colors_info=&#8221;{}&#8221;]<img loading=\"lazy\" decoding=\"async\" class=\"alignnone wp-image-1683 size-full\" src=\"\/wp-content\/uploads\/2014\/03\/strich_rechts1.png\" alt=\"strich_rechts\" width=\"380\" height=\"64\" srcset=\"https:\/\/www.guhring-alsace.com\/wp-content\/uploads\/2014\/03\/strich_rechts1.png 380w, https:\/\/www.guhring-alsace.com\/wp-content\/uploads\/2014\/03\/strich_rechts1-300x51.png 300w\" sizes=\"(max-width: 380px) 100vw, 380px\" \/>[\/et_pb_text][et_pb_text admin_label=&#8221;Standard program&#8230;&#8221; _builder_version=&#8221;3.27.4&#8243; background_size=&#8221;initial&#8221; background_position=&#8221;top_left&#8221; background_repeat=&#8221;repeat&#8221; global_colors_info=&#8221;{}&#8221;]<\/p>\n<h2>Programme standard comprenant plus de 1 850 types d\u2019outils dans plus de 45\u00a0000 dimensions.<\/h2>\n<p>[\/et_pb_text][et_pb_text admin_label=&#8221;Leading Tool Management provider&#8221; _builder_version=&#8221;3.27.4&#8243; background_size=&#8221;initial&#8221; background_position=&#8221;top_left&#8221; background_repeat=&#8221;repeat&#8221; global_colors_info=&#8221;{}&#8221;]<\/p>\n<div>\n<h3>Fournisseur leader de solutions de Tool Management (TM) logistiques et technologiques. 900 automates de gestion d\u2019outils install\u00e9s dans le monde contribuent \u00e0 ces concepts de TM.<\/h3>\n<\/div>\n<div>\n<div>\n<h3>Inventeur<\/h3>\n<h2>de l&#8217;interface HSK<\/h2>\n<\/div>\n<\/div>\n<p>[\/et_pb_text][et_pb_divider show_divider=&#8221;off&#8221; disabled_on=&#8221;on|on|off&#8221; _builder_version=&#8221;3.23.4&#8243; height=&#8221;50px&#8221; global_colors_info=&#8221;{}&#8221;][\/et_pb_divider][et_pb_text admin_label=&#8221;Pioneer in&#8230;&#8221; _builder_version=&#8221;3.27.4&#8243; background_size=&#8221;initial&#8221; background_position=&#8221;top_left&#8221; background_repeat=&#8221;repeat&#8221; global_colors_info=&#8221;{}&#8221;]<\/p>\n<div>\n<div>\n<h3>Pionnier dans<\/h3>\n<h2>la technologie MQL<\/h2>\n<\/div>\n<\/div>\n<p>[\/et_pb_text][et_pb_text admin_label=&#8221;Trennstrich&#8221; _builder_version=&#8221;4.14.9&#8243; background_size=&#8221;initial&#8221; background_position=&#8221;top_left&#8221; background_repeat=&#8221;repeat&#8221; global_colors_info=&#8221;{}&#8221;]<img loading=\"lazy\" decoding=\"async\" class=\"alignnone wp-image-1683 size-full\" src=\"\/wp-content\/uploads\/2014\/03\/strich_rechts1.png\" alt=\"strich_rechts\" width=\"380\" height=\"64\" srcset=\"https:\/\/www.guhring-alsace.com\/wp-content\/uploads\/2014\/03\/strich_rechts1.png 380w, https:\/\/www.guhring-alsace.com\/wp-content\/uploads\/2014\/03\/strich_rechts1-300x51.png 300w\" sizes=\"(max-width: 380px) 100vw, 380px\" \/>[\/et_pb_text][et_pb_text admin_label=&#8221;World Wide Representation&#8230;..&#8221; _builder_version=&#8221;4.14.9&#8243; background_size=&#8221;initial&#8221; background_position=&#8221;top_left&#8221; background_repeat=&#8221;repeat&#8221; global_colors_info=&#8221;{}&#8221;]<\/p>\n<div>\n<div>\n<h2>130 techniciens d&#8217;application<\/h2>\n<h3>\u00e0 travers le monde<\/h3>\n<p><img loading=\"lazy\" decoding=\"async\" class=\"alignnone wp-image-1684 size-full\" src=\"\/wp-content\/uploads\/2014\/03\/strich_links.png\" alt=\"strich_links\" width=\"480\" height=\"80\" srcset=\"https:\/\/www.guhring-alsace.com\/wp-content\/uploads\/2014\/03\/strich_links.png 480w, https:\/\/www.guhring-alsace.com\/wp-content\/uploads\/2014\/03\/strich_links-300x50.png 300w\" sizes=\"(max-width: 480px) 100vw, 480px\" \/><\/p>\n<div>\n<h2>Rayonnement mondial<\/h2>\n<h3>avec plus de 60 centres de production et de services, 44 filiales et 25 partenaires commerciaux et marketing.<\/h3>\n<\/div>\n<div>\n<div>\n<h2>Plus de 600 brevets d\u00e9pos\u00e9s dans le monde entier<\/h2>\n<\/div>\n<\/div>\n<div>\n<h2>6 000 collaborateurs dans le monde entier.<\/h2>\n<h4>250 apprentis en Allemagne.<\/h4>\n<\/div>\n<\/div>\n<\/div>\n<p>[\/et_pb_text][\/et_pb_column][\/et_pb_row][\/et_pb_section][et_pb_section fb_built=&#8221;1&#8243; _builder_version=&#8221;3.22&#8243; background_color=&#8221;#ffffff&#8221; background_image=&#8221;\/wp-content\/uploads\/2014\/03\/hintergrund.jpg&#8221; transparent_background=&#8221;off&#8221; global_colors_info=&#8221;{}&#8221;][et_pb_row column_structure=&#8221;1_2,1_2&#8243; _builder_version=&#8221;3.25&#8243; background_size=&#8221;initial&#8221; background_position=&#8221;top_left&#8221; background_repeat=&#8221;repeat&#8221; global_colors_info=&#8221;{}&#8221;][et_pb_column type=&#8221;1_2&#8243; _builder_version=&#8221;3.25&#8243; custom_padding=&#8221;|||&#8221; global_colors_info=&#8221;{}&#8221; custom_padding__hover=&#8221;|||&#8221;][et_pb_text admin_label=&#8221;Header Quality an Certificates&#8221; _builder_version=&#8221;3.27.4&#8243; background_size=&#8221;initial&#8221; background_position=&#8221;top_left&#8221; background_repeat=&#8221;repeat&#8221; global_colors_info=&#8221;{}&#8221;]<\/p>\n<h2>Qualit\u00e9 et Certifications<\/h2>\n<p>[\/et_pb_text][et_pb_text admin_label=&#8221;We set the standards for the future!&#8221; _builder_version=&#8221;3.27.4&#8243; background_size=&#8221;initial&#8221; background_position=&#8221;top_left&#8221; background_repeat=&#8221;repeat&#8221; global_colors_info=&#8221;{}&#8221;]<\/p>\n<div>\n<div>\n<h1>Nous \u00e9tablissons les normes pour l&#8217;avenir !<\/h1>\n<h3>G\u00fchring fut le premier fabricant d&#8217;outils \u00e0 recevoir un \u00ab\u00a0Volkswagen Group Award\u00a0\u00bb, r\u00e9compensant les performances exceptionnelles d&#8217;un fournisseur. De nombreuses autres distinctions d\u00e9cern\u00e9es par des clients de tout secteur industriel tels que John Deere, General Motors, Caterpillar, British Aerospace, MTU M\u00fcnchen et le Schaeffler Group, des clients qui renforcent nos excellentes performances.<\/h3>\n<\/div>\n<\/div>\n<p>[\/et_pb_text][\/et_pb_column][et_pb_column type=&#8221;1_2&#8243; _builder_version=&#8221;3.25&#8243; custom_padding=&#8221;|||&#8221; global_colors_info=&#8221;{}&#8221; custom_padding__hover=&#8221;|||&#8221;][\/et_pb_column][\/et_pb_row][\/et_pb_section][et_pb_section fb_built=&#8221;1&#8243; _builder_version=&#8221;3.22&#8243; background_color=&#8221;#ffffff&#8221; background_image=&#8221;\/wp-content\/uploads\/2014\/03\/hintergrund.jpg&#8221; transparent_background=&#8221;off&#8221; global_colors_info=&#8221;{}&#8221;][et_pb_row _builder_version=&#8221;3.25&#8243; background_size=&#8221;initial&#8221; background_position=&#8221;top_left&#8221; background_repeat=&#8221;repeat&#8221; global_colors_info=&#8221;{}&#8221;][et_pb_column type=&#8221;4_4&#8243; _builder_version=&#8221;3.25&#8243; custom_padding=&#8221;|||&#8221; global_colors_info=&#8221;{}&#8221; custom_padding__hover=&#8221;|||&#8221;][et_pb_text admin_label=&#8221;Text Zertifikate&#8221; _builder_version=&#8221;3.27.4&#8243; background_size=&#8221;initial&#8221; background_position=&#8221;top_left&#8221; background_repeat=&#8221;repeat&#8221; global_colors_info=&#8221;{}&#8221;]<\/p>\n<h3><span style=\"color: white;\"><span style=\"color: black;\"><span style=\"color: black;\">Pr\u00e9requis de ce succ\u00e8s : l\u2019extr\u00eame importance que G\u00fchring accorde en termes d\u2019exigence pour la qualit\u00e9 de ses produits et services. De ce fait, G\u00fchring poss\u00e8de les certifications suivantes : <\/span><\/span><\/span><\/h3>\n<div>\n<div>\n<table border=\"1\" width=\"100%\" frame=\"HSIDES\" rules=\"ROWS\" cellspacing=\"1\" cellpadding=\"14\">\n<tbody>\n<tr>\n<td width=\"40%\">ISO 9001:2008<\/td>\n<td width=\"60%\">Syst\u00e8mes de management de la qualit\u00e9<\/td>\n<\/tr>\n<tr>\n<td width=\"40%\">EN ISO 13485 + AC:2009<\/td>\n<td width=\"60%\">Syst\u00e8mes de management de la qualit\u00e9 pour les dispositifs m\u00e9dicaux<\/td>\n<\/tr>\n<tr>\n<td width=\"40%\">ISO 14001:2004 + Cor 1:2009<\/td>\n<td width=\"60%\">Syst\u00e8mes de management environnemental<\/td>\n<\/tr>\n<tr>\n<td width=\"40%\">AEO Certificate<\/td>\n<td width=\"60%\">Statut d&#8217;op\u00e9rateur \u00e9conomique agr\u00e9\u00e9<\/td>\n<\/tr>\n<\/tbody>\n<\/table>\n<\/div>\n<\/div>\n<p>[\/et_pb_text][\/et_pb_column][\/et_pb_row][et_pb_row column_structure=&#8221;1_3,2_3&#8243; _builder_version=&#8221;3.25&#8243; background_size=&#8221;initial&#8221; background_position=&#8221;top_left&#8221; background_repeat=&#8221;repeat&#8221; global_colors_info=&#8221;{}&#8221;][et_pb_column type=&#8221;1_3&#8243; _builder_version=&#8221;3.25&#8243; custom_padding=&#8221;|||&#8221; global_colors_info=&#8221;{}&#8221; custom_padding__hover=&#8221;|||&#8221;][et_pb_blurb image=&#8221;\/wp-content\/uploads\/2014\/03\/icon_zert.png&#8221; alt=&#8221;Certificates&#8221; image_icon_width=&#8221;none&#8221; admin_label=&#8221;icon zertifikat&#8221; _builder_version=&#8221;4.13.0&#8243; background_size=&#8221;initial&#8221; background_position=&#8221;top_left&#8221; background_repeat=&#8221;repeat&#8221; text_orientation=&#8221;center&#8221; image_max_width=&#8221;none&#8221; use_circle=&#8221;off&#8221; use_circle_border=&#8221;off&#8221; circle_border_color=&#8221;#7EBEC5&#8243; circle_color=&#8221;#7EBEC5&#8243; global_colors_info=&#8221;{}&#8221;][\/et_pb_blurb][\/et_pb_column][et_pb_column type=&#8221;2_3&#8243; _builder_version=&#8221;3.25&#8243; custom_padding=&#8221;|||&#8221; global_colors_info=&#8221;{}&#8221; custom_padding__hover=&#8221;|||&#8221;][et_pb_text admin_label=&#8221;Text neben Zert&#8221; _builder_version=&#8221;3.27.4&#8243; background_size=&#8221;initial&#8221; background_position=&#8221;top_left&#8221; background_repeat=&#8221;repeat&#8221; global_colors_info=&#8221;{}&#8221;]<\/p>\n<h3>En outre, nous avons aussi obtenu avec succ\u00e8s les certifications suivantes :<\/h3>\n<h3>VDA 6.1; VDA 6.4; TS 16949; EFQM; FDA; Aviation<\/h3>\n<h3>Les certificats sont disponibles en PDF en t\u00e9l\u00e9chargement <a href=\"https:\/\/www.guehring.de\/en\/about-guhring\/newsroom\/downloads.php\" target=\"_blank\" rel=\"noopener\"><span style=\"color: #800000;\"><strong>ici<\/strong> <\/span><\/a>.<\/h3>\n<p>[\/et_pb_text][\/et_pb_column][\/et_pb_row][\/et_pb_section]<\/p>\n","protected":false},"excerpt":{"rendered":"<p>Notre propre production de carbure. Notre propre construction de machines. Notre propre technologie de rev\u00eatements. Qualit\u00e9 G\u00fchring assur\u00e9e dans le monde entier. Dans plus de 60 centres de production et de services. 46 filiales mondiales. A votre service \u00e0 tout moment \u2013 partout dans le monde. Dr. J\u00f6rg G\u00fchring \u2020 26.01.2021Pr\u00e9sident de la Direction 1985-2021 [&hellip;]<\/p>\n","protected":false},"author":1,"featured_media":0,"parent":0,"menu_order":0,"comment_status":"open","ping_status":"open","template":"","meta":{"_et_pb_use_builder":"on","_et_pb_old_content":"","_et_gb_content_width":"","footnotes":""},"class_list":["post-220","page","type-page","status-publish","hentry"],"_links":{"self":[{"href":"https:\/\/www.guhring-alsace.com\/index.php?rest_route=\/wp\/v2\/pages\/220","targetHints":{"allow":["GET"]}}],"collection":[{"href":"https:\/\/www.guhring-alsace.com\/index.php?rest_route=\/wp\/v2\/pages"}],"about":[{"href":"https:\/\/www.guhring-alsace.com\/index.php?rest_route=\/wp\/v2\/types\/page"}],"author":[{"embeddable":true,"href":"https:\/\/www.guhring-alsace.com\/index.php?rest_route=\/wp\/v2\/users\/1"}],"replies":[{"embeddable":true,"href":"https:\/\/www.guhring-alsace.com\/index.php?rest_route=%2Fwp%2Fv2%2Fcomments&post=220"}],"version-history":[{"count":57,"href":"https:\/\/www.guhring-alsace.com\/index.php?rest_route=\/wp\/v2\/pages\/220\/revisions"}],"predecessor-version":[{"id":1992,"href":"https:\/\/www.guhring-alsace.com\/index.php?rest_route=\/wp\/v2\/pages\/220\/revisions\/1992"}],"wp:attachment":[{"href":"https:\/\/www.guhring-alsace.com\/index.php?rest_route=%2Fwp%2Fv2%2Fmedia&parent=220"}],"curies":[{"name":"wp","href":"https:\/\/api.w.org\/{rel}","templated":true}]}}