{"id":164,"date":"2014-03-05T16:19:19","date_gmt":"2014-03-05T14:19:19","guid":{"rendered":"http:\/\/sv-webdev2.guehring.de\/wp_laender2\/?page_id=164"},"modified":"2022-04-25T09:04:02","modified_gmt":"2022-04-25T09:04:02","slug":"produkte","status":"publish","type":"page","link":"https:\/\/www.guhring-alsace.com\/?page_id=164","title":{"rendered":"Products"},"content":{"rendered":"<p>[et_pb_section fb_built=&#8221;1&#8243; _builder_version=&#8221;3.22&#8243; background_color=&#8221;#ffffff&#8221; background_image=&#8221;\/wp-content\/uploads\/2014\/03\/HG.jpg&#8221; transparent_background=&#8221;off&#8221; global_colors_info=&#8221;{}&#8221;][et_pb_row _builder_version=&#8221;3.25&#8243; background_size=&#8221;initial&#8221; background_position=&#8221;top_left&#8221; background_repeat=&#8221;repeat&#8221; global_colors_info=&#8221;{}&#8221;][et_pb_column type=&#8221;4_4&#8243; _builder_version=&#8221;3.25&#8243; custom_padding=&#8221;|||&#8221; global_colors_info=&#8221;{}&#8221; custom_padding__hover=&#8221;|||&#8221;][et_pb_slider show_pagination=&#8221;off&#8221; _builder_version=&#8221;4.14.9&#8243; _module_preset=&#8221;default&#8221; custom_margin=&#8221;||||false|false&#8221; custom_padding=&#8221;||0px||false|false&#8221; hover_enabled=&#8221;0&#8243; global_colors_info=&#8221;{}&#8221; auto=&#8221;on&#8221; auto_speed=&#8221;5000&#8243; sticky_enabled=&#8221;0&#8243;][et_pb_slide heading=&#8221;Programme PowerTap&#8221; _builder_version=&#8221;4.14.9&#8243; _module_preset=&#8221;default&#8221; background_image=&#8221;https:\/\/www.guhring-alsace.com\/wp-content\/uploads\/revslider\/produkte\/slider5_prod.jpg&#8221; background_enable_image=&#8221;on&#8221; background_layout=&#8221;light&#8221; custom_padding=&#8221;||0px||false|false&#8221; global_colors_info=&#8221;{}&#8221; sticky_transition=&#8221;on&#8221;]<\/p>\n<p>Tarauds multi-mati\u00e8res avec un rapport qualit\u00e9-prix in\u00e9galable et une grande disponibilit\u00e9 de stock pour des r\u00e9sultats d\u2019usinage exceptionnels. <\/p>\n<p>[\/et_pb_slide][et_pb_slide heading=&#8221;Fraises HPC \u2013 Haute Performance de Coupe&#8221; _builder_version=&#8221;4.14.9&#8243; _module_preset=&#8221;default&#8221; background_image=&#8221;https:\/\/www.guhring-alsace.com\/wp-content\/uploads\/revslider\/produkte\/slider4_prod.jpg&#8221; background_enable_image=&#8221;on&#8221; background_layout=&#8221;light&#8221; custom_padding=&#8221;||0px||false|false&#8221; global_colors_info=&#8221;{}&#8221; sticky_transition=&#8221;on&#8221;]<\/p>\n<p>Dur\u00e9e de vie quasi infinie! Les fraises HPC de G\u00fchring optimales pour les moules et les matrices \u2013 h\u00e9misph\u00e9riques, toriques ou rayonn\u00e9es.<\/p>\n<p>[\/et_pb_slide][et_pb_slide heading=&#8221;RT 100 T&#8221; _builder_version=&#8221;4.14.9&#8243; _module_preset=&#8221;default&#8221; background_image=&#8221;https:\/\/www.guhring-alsace.com\/wp-content\/uploads\/revslider\/produkte\/slider3_prod.jpg&#8221; background_enable_image=&#8221;on&#8221; background_layout=&#8221;light&#8221; custom_padding=&#8221;||0px||false|false&#8221; global_colors_info=&#8221;{}&#8221; sticky_transition=&#8221;on&#8221;]<\/p>\n<p>L\u00b4outil de forage h\u00e9lico\u00efdal, en CW monobloc, pour des profondeurs de forage jusqu\u00b4\u00e0 40 x D pour l\u2019acier et ses alliages.<\/p>\n<p>[\/et_pb_slide][et_pb_slide heading=&#8221;HR 500&#8243; _builder_version=&#8221;4.14.9&#8243; _module_preset=&#8221;default&#8221; background_image=&#8221;https:\/\/www.guhring-alsace.com\/wp-content\/uploads\/revslider\/produkte\/slider2_prod.jpg&#8221; background_enable_image=&#8221;on&#8221; background_layout=&#8221;light&#8221; custom_padding=&#8221;||0px||false|false&#8221; global_colors_info=&#8221;{}&#8221; sticky_transition=&#8221;on&#8221;]<\/p>\n<p>Al\u00e9soirs HP \u00ab Haute Performance \u00bb pour toutes les mati\u00e8res et du diam\u00e8tre 3,00 \u00e0 75,00 mm<\/p>\n<p>[\/et_pb_slide][et_pb_slide heading=&#8221;RT 100 HF&#8221; _builder_version=&#8221;4.14.9&#8243; _module_preset=&#8221;default&#8221; background_image=&#8221;https:\/\/www.guhring-alsace.com\/wp-content\/uploads\/revslider\/produkte\/slider1_prod.jpg&#8221; background_enable_image=&#8221;on&#8221; background_layout=&#8221;light&#8221; custom_padding=&#8221;||0px||false|false&#8221; global_colors_info=&#8221;{}&#8221; sticky_transition=&#8221;on&#8221;]<\/p>\n<p>Foret ratio robuste et fiable pour les mat\u00e9riaux et alliages \u00e0 haute r\u00e9sistance ! Particuli\u00e8rement r\u00e9sistant \u00e0 l&#8217;usure gr\u00e2ce \u00e0 son rev\u00eatement Signum.<\/p>\n<p>[\/et_pb_slide][\/et_pb_slider][et_pb_image src=&#8221;\/wp-content\/uploads\/2014\/03\/highlights.png&#8221; align_tablet=&#8221;center&#8221; align_phone=&#8221;center&#8221; align_last_edited=&#8221;on|desktop&#8221; admin_label=&#8221;HighLights-Bild&#8221; _builder_version=&#8221;3.23&#8243; animation_style=&#8221;slide&#8221; animation_direction=&#8221;left&#8221; animation_duration=&#8221;500ms&#8221; animation_intensity_slide=&#8221;10%&#8221; animation=&#8221;left&#8221; sticky=&#8221;off&#8221; global_colors_info=&#8221;{}&#8221;][\/et_pb_image][\/et_pb_column][\/et_pb_row][\/et_pb_section][et_pb_section fb_built=&#8221;1&#8243; _builder_version=&#8221;3.22&#8243; background_color=&#8221;#ffffff&#8221; background_image=&#8221;\/wp-content\/uploads\/2014\/03\/hg_bohrer.jpg&#8221; parallax=&#8221;on&#8221; parallax_method=&#8221;off&#8221; transparent_background=&#8221;off&#8221; global_colors_info=&#8221;{}&#8221;][et_pb_row _builder_version=&#8221;3.25&#8243; background_size=&#8221;initial&#8221; background_position=&#8221;top_left&#8221; background_repeat=&#8221;repeat&#8221; global_colors_info=&#8221;{}&#8221;][et_pb_column type=&#8221;4_4&#8243; _builder_version=&#8221;3.25&#8243; custom_padding=&#8221;|||&#8221; global_colors_info=&#8221;{}&#8221; custom_padding__hover=&#8221;|||&#8221;][et_pb_text admin_label=&#8221;Text Bohrwerkzeuge &#8211; Drilling&#8221; _builder_version=&#8221;3.27.4&#8243; background_size=&#8221;initial&#8221; background_position=&#8221;top_left&#8221; background_repeat=&#8221;repeat&#8221; global_colors_info=&#8221;{}&#8221;]<a name=\"drilling\"><\/a><\/p>\n<h1>Per\u00e7age<\/h1>\n<h2><\/h2>\n<h2>Per\u00e7age performant et high-tech !<\/h2>\n<h4>Notre offre de forets couvre les applications de per\u00e7age en micro-pr\u00e9cision \u00d8 0,1 mm aux applications sp\u00e9ciales \u00d8 180 mm, de l\u2019acier rapide (HSS) au carbure (CW).<\/h4>\n<h4>25 000 r\u00e9f\u00e9rences pour toutes les applications\u00a0: Qui offre le plus ?<\/h4>\n<p><a href=\"https:\/\/www.guehring.de\/en\/about-guhring\/newsroom\/downloads.php\" target=\"_blank\" rel=\"noopener\"><img loading=\"lazy\" decoding=\"async\" class=\"alignnone\" style=\"display: block;\" src=\"\/wp-content\/uploads\/2014\/03\/pdf_grau_icon.png\" alt=\"\" width=\"80\" height=\"80\" \/><\/a><br \/>\n[\/et_pb_text][et_pb_divider show_divider=&#8221;off&#8221; disabled_on=&#8221;on|on|off&#8221; _builder_version=&#8221;3.2&#8243; global_colors_info=&#8221;{}&#8221;][\/et_pb_divider][et_pb_text admin_label=&#8221;bohrerbild&#8221; _builder_version=&#8221;3.27.4&#8243; background_size=&#8221;initial&#8221; background_position=&#8221;top_left&#8221; background_repeat=&#8221;repeat&#8221; global_colors_info=&#8221;{}&#8221;]<img loading=\"lazy\" decoding=\"async\" class=\"alignnone wp-image-1627 size-full\" src=\"https:\/\/wpalsace.guehring.de\/wp-content\/uploads\/2014\/03\/bohrer_frei.png\" alt=\"\" width=\"796\" height=\"568\" srcset=\"https:\/\/www.guhring-alsace.com\/wp-content\/uploads\/2014\/03\/bohrer_frei.png 796w, https:\/\/www.guhring-alsace.com\/wp-content\/uploads\/2014\/03\/bohrer_frei-300x214.png 300w, https:\/\/www.guhring-alsace.com\/wp-content\/uploads\/2014\/03\/bohrer_frei-400x284.png 400w\" sizes=\"(max-width: 796px) 100vw, 796px\" \/><br \/>\n[\/et_pb_text][\/et_pb_column][\/et_pb_row][\/et_pb_section][et_pb_section fb_built=&#8221;1&#8243; _builder_version=&#8221;3.22&#8243; background_color=&#8221;#ffffff&#8221; background_image=&#8221;\/wp-content\/uploads\/2014\/03\/hg_gewinde.jpg&#8221; parallax=&#8221;on&#8221; parallax_method=&#8221;off&#8221; transparent_background=&#8221;off&#8221; global_colors_info=&#8221;{}&#8221;][et_pb_row _builder_version=&#8221;3.25&#8243; background_size=&#8221;initial&#8221; background_position=&#8221;top_left&#8221; background_repeat=&#8221;repeat&#8221; global_colors_info=&#8221;{}&#8221;][et_pb_column type=&#8221;4_4&#8243; _builder_version=&#8221;3.25&#8243; custom_padding=&#8221;|||&#8221; global_colors_info=&#8221;{}&#8221; custom_padding__hover=&#8221;|||&#8221;][et_pb_text admin_label=&#8221;Text_Gewindewerkzeuge &#8211; Threading&#8221; _builder_version=&#8221;3.27.4&#8243; background_size=&#8221;initial&#8221; background_position=&#8221;top_left&#8221; background_repeat=&#8221;repeat&#8221; global_colors_info=&#8221;{}&#8221;]<a name=\"threading\"><\/a><\/p>\n<h1>Filetage<\/h1>\n<h2>Filetage parfait\u00a0!<\/h2>\n<h4>Que ce soit des tarauds, tarauds \u00e0 refouler ou encore fraises \u00e0 fileter &#8211; G\u00fchring a les outils de filetage ad\u00e9quats pour un filetage aussi bien standard que sp\u00e9cifique tel que la norme EG ou la forme E.<\/h4>\n<p><a href=\"https:\/\/www.guehring.de\/en\/about-guhring\/newsroom\/downloads.php\" target=\"_blank\" rel=\"noopener\"><img loading=\"lazy\" decoding=\"async\" class=\"alignnone wp-image-1323 size-full\" src=\"https:\/\/www.guhring-alsace.com\/wp-content\/uploads\/2014\/03\/pdf_grau_icon.png\" alt=\"pdf_grau_icon\" width=\"80\" height=\"80\" \/><\/a><\/p>\n<p><img loading=\"lazy\" decoding=\"async\" class=\"alignnone wp-image-1628 size-full\" src=\"https:\/\/wpalsace.guehring.de\/wp-content\/uploads\/2014\/03\/gewinde_frei.png\" alt=\"\" width=\"1054\" height=\"717\" srcset=\"https:\/\/www.guhring-alsace.com\/wp-content\/uploads\/2014\/03\/gewinde_frei.png 1054w, https:\/\/www.guhring-alsace.com\/wp-content\/uploads\/2014\/03\/gewinde_frei-300x204.png 300w, https:\/\/www.guhring-alsace.com\/wp-content\/uploads\/2014\/03\/gewinde_frei-1024x696.png 1024w\" sizes=\"(max-width: 1054px) 100vw, 1054px\" \/><br \/>\n[\/et_pb_text][\/et_pb_column][\/et_pb_row][\/et_pb_section][et_pb_section fb_built=&#8221;1&#8243; _builder_version=&#8221;3.22&#8243; background_color=&#8221;#ffffff&#8221; background_image=&#8221;\/wp-content\/uploads\/2014\/03\/hg_fraesen.jpg&#8221; parallax=&#8221;on&#8221; parallax_method=&#8221;off&#8221; transparent_background=&#8221;off&#8221; global_colors_info=&#8221;{}&#8221;][et_pb_row _builder_version=&#8221;3.25&#8243; background_size=&#8221;initial&#8221; background_position=&#8221;top_left&#8221; background_repeat=&#8221;repeat&#8221; global_colors_info=&#8221;{}&#8221;][et_pb_column type=&#8221;4_4&#8243; _builder_version=&#8221;3.25&#8243; custom_padding=&#8221;|||&#8221; global_colors_info=&#8221;{}&#8221; custom_padding__hover=&#8221;|||&#8221;][et_pb_text admin_label=&#8221;Text_Fr\u00e4swerkzeuge &#8211; Milling Cutter&#8221; _builder_version=&#8221;3.27.4&#8243; background_size=&#8221;initial&#8221; background_position=&#8221;top_left&#8221; background_repeat=&#8221;repeat&#8221; global_colors_info=&#8221;{}&#8221;]<a name=\"millingcutters\"><\/a><\/p>\n<h1>Fraisage<\/h1>\n<div>\n<div>\n<h2>Dur\u00e9e de vie quasi infinie !<\/h2>\n<h3>Les fraises d\u00e9velopp\u00e9es par G\u00fchring optimales pour l\u2019industrie des moules et des matrices &#8211; h\u00e9misph\u00e9riques, toriques ou rayonn\u00e9es<\/h3>\n<\/div>\n<\/div>\n<p><a href=\"https:\/\/www.guehring.de\/en\/about-guhring\/newsroom\/downloads.php\" target=\"_blank\" rel=\"noopener\"><img loading=\"lazy\" decoding=\"async\" class=\"alignnone wp-image-1323 size-full\" src=\"\/wp-content\/uploads\/2014\/03\/pdf_grau_icon.png\" alt=\"pdf_grau_icon\" width=\"80\" height=\"80\" \/><\/a><\/p>\n<p><img loading=\"lazy\" decoding=\"async\" class=\"alignnone wp-image-1629 size-full\" src=\"https:\/\/wpalsace.guehring.de\/wp-content\/uploads\/2014\/03\/fraesen_frei.png\" alt=\"\" width=\"1147\" height=\"783\" srcset=\"https:\/\/www.guhring-alsace.com\/wp-content\/uploads\/2014\/03\/fraesen_frei.png 1147w, https:\/\/www.guhring-alsace.com\/wp-content\/uploads\/2014\/03\/fraesen_frei-300x204.png 300w, https:\/\/www.guhring-alsace.com\/wp-content\/uploads\/2014\/03\/fraesen_frei-1024x699.png 1024w, https:\/\/www.guhring-alsace.com\/wp-content\/uploads\/2014\/03\/fraesen_frei-1080x737.png 1080w\" sizes=\"(max-width: 1147px) 100vw, 1147px\" \/><br \/>\n[\/et_pb_text][\/et_pb_column][\/et_pb_row][\/et_pb_section][et_pb_section fb_built=&#8221;1&#8243; _builder_version=&#8221;3.22&#8243; background_color=&#8221;#ffffff&#8221; background_image=&#8221;\/wp-content\/uploads\/2014\/03\/hg_tlb.jpg&#8221; parallax=&#8221;on&#8221; parallax_method=&#8221;off&#8221; transparent_background=&#8221;off&#8221; global_colors_info=&#8221;{}&#8221;][et_pb_row _builder_version=&#8221;3.25&#8243; background_size=&#8221;initial&#8221; background_position=&#8221;top_left&#8221; background_repeat=&#8221;repeat&#8221; global_colors_info=&#8221;{}&#8221;][et_pb_column type=&#8221;4_4&#8243; _builder_version=&#8221;3.25&#8243; custom_padding=&#8221;|||&#8221; global_colors_info=&#8221;{}&#8221; custom_padding__hover=&#8221;|||&#8221;][et_pb_text admin_label=&#8221;Text_Tieflochbohrer &#8211; Gun Drills&#8221; _builder_version=&#8221;3.27.4&#8243; background_size=&#8221;initial&#8221; background_position=&#8221;top_left&#8221; background_repeat=&#8221;repeat&#8221; global_colors_info=&#8221;{}&#8221;]<a name=\"gundrills\"><\/a><\/p>\n<h1>Forage<\/h1>\n<h2>Le foret pour des applications universelles<\/h2>\n<h4>Outils de forage classiques et h\u00e9lico\u00efdaux pour les profondeurs de forage de 10xD jusqu\u2019\u00e0 3000 mm.<\/h4>\n<p><a href=\"https:\/\/www.guehring.de\/en\/about-guhring\/newsroom\/downloads.php\" target=\"_blank\" rel=\"noopener\"><img loading=\"lazy\" decoding=\"async\" class=\"alignnone wp-image-1323 size-full\" src=\"\/wp-content\/uploads\/2014\/03\/pdf_grau_icon.png\" alt=\"pdf_grau_icon\" width=\"80\" height=\"80\" \/><\/a><\/p>\n<p><img loading=\"lazy\" decoding=\"async\" class=\"alignnone wp-image-1630 size-full\" src=\"https:\/\/wpalsace.guehring.de\/wp-content\/uploads\/2014\/03\/producte_tlb.png\" alt=\"\" width=\"1600\" height=\"1400\" srcset=\"https:\/\/www.guhring-alsace.com\/wp-content\/uploads\/2014\/03\/producte_tlb.png 1600w, https:\/\/www.guhring-alsace.com\/wp-content\/uploads\/2014\/03\/producte_tlb-300x262.png 300w, https:\/\/www.guhring-alsace.com\/wp-content\/uploads\/2014\/03\/producte_tlb-1024x896.png 1024w, https:\/\/www.guhring-alsace.com\/wp-content\/uploads\/2014\/03\/producte_tlb-1080x945.png 1080w\" sizes=\"(max-width: 1600px) 100vw, 1600px\" \/><br \/>\n[\/et_pb_text][\/et_pb_column][\/et_pb_row][\/et_pb_section][et_pb_section fb_built=&#8221;1&#8243; _builder_version=&#8221;3.22&#8243; background_color=&#8221;#ffffff&#8221; background_image=&#8221;\/wp-content\/uploads\/2014\/03\/hg_pkd.jpg&#8221; parallax=&#8221;on&#8221; parallax_method=&#8221;off&#8221; transparent_background=&#8221;off&#8221; global_colors_info=&#8221;{}&#8221;][et_pb_row _builder_version=&#8221;3.25&#8243; background_size=&#8221;initial&#8221; background_position=&#8221;top_left&#8221; background_repeat=&#8221;repeat&#8221; global_colors_info=&#8221;{}&#8221;][et_pb_column type=&#8221;4_4&#8243; _builder_version=&#8221;3.25&#8243; custom_padding=&#8221;|||&#8221; global_colors_info=&#8221;{}&#8221; custom_padding__hover=&#8221;|||&#8221;][et_pb_text admin_label=&#8221;Text_PKD&#8221; _builder_version=&#8221;3.27.4&#8243; background_size=&#8221;initial&#8221; background_position=&#8221;top_left&#8221; background_repeat=&#8221;repeat&#8221; global_colors_info=&#8221;{}&#8221;]<a name=\"pcd\"><\/a><\/p>\n<h1>Outils PCD \/ CBN<\/h1>\n<h2>Solutions efficaces extr\u00eamement pr\u00e9cises pour les process exigeants<\/h2>\n<h3>Notre gamme d&#8217;outils PCD \/ CBN comprend des outils standard ainsi que des outils sp\u00e9ciaux complexes tels que des al\u00e9soirs de superfinition \u00e0 plaquettes PCD ou des outils combin\u00e9s multifonctionnels capables de r\u00e9aliser diff\u00e9rentes op\u00e9rations d\u00b4usinages avec un seul outil. Les avantages des outils PCD\/CBN :<\/h3>\n<h4>&#8211; Des solutions intelligentes pour r\u00e9duire le nombre d\u2019outils utilis\u00e9s ainsi que les temps d\u2019usinage principaux et secondaires &#8211; Des outils de haute pr\u00e9cision pour l&#8217;usinage de superfinition &#8211; Des outils extr\u00eamement performants pour des vitesses de coupe maximales ce qui r\u00e9duit consid\u00e9rablement les temps d&#8217;usinage &#8211; Des outils r\u00e9sistants \u00e0 l&#8217;usure pour une dur\u00e9e de vie prolong\u00e9e<\/h4>\n<p><a href=\"https:\/\/www.guehring.de\/en\/about-guhring\/newsroom\/downloads.php\" target=\"_blank\" rel=\"noopener\"><img loading=\"lazy\" decoding=\"async\" class=\"alignnone wp-image-1323 size-full\" src=\"\/wp-content\/uploads\/2014\/03\/pdf_grau_icon.png\" alt=\"pdf_grau_icon\" width=\"80\" height=\"80\" \/><\/a><\/p>\n<p><img loading=\"lazy\" decoding=\"async\" class=\"alignnone wp-image-1631 size-full\" src=\"https:\/\/wpalsace.guehring.de\/wp-content\/uploads\/2014\/03\/PKD_Composing_Produkte_1600x1412px.png\" alt=\"\" width=\"1600\" height=\"1412\" srcset=\"https:\/\/www.guhring-alsace.com\/wp-content\/uploads\/2014\/03\/PKD_Composing_Produkte_1600x1412px.png 1600w, https:\/\/www.guhring-alsace.com\/wp-content\/uploads\/2014\/03\/PKD_Composing_Produkte_1600x1412px-300x264.png 300w, https:\/\/www.guhring-alsace.com\/wp-content\/uploads\/2014\/03\/PKD_Composing_Produkte_1600x1412px-1024x903.png 1024w, https:\/\/www.guhring-alsace.com\/wp-content\/uploads\/2014\/03\/PKD_Composing_Produkte_1600x1412px-1080x953.png 1080w\" sizes=\"(max-width: 1600px) 100vw, 1600px\" \/><br \/>\n[\/et_pb_text][\/et_pb_column][\/et_pb_row][\/et_pb_section][et_pb_section fb_built=&#8221;1&#8243; _builder_version=&#8221;3.22&#8243; background_color=&#8221;#ffffff&#8221; background_image=&#8221;\/wp-content\/uploads\/2014\/03\/senken.jpg&#8221; parallax=&#8221;on&#8221; parallax_method=&#8221;off&#8221; transparent_background=&#8221;off&#8221; global_colors_info=&#8221;{}&#8221;][et_pb_row _builder_version=&#8221;3.25&#8243; background_size=&#8221;initial&#8221; background_position=&#8221;top_left&#8221; background_repeat=&#8221;repeat&#8221; global_colors_info=&#8221;{}&#8221;][et_pb_column type=&#8221;4_4&#8243; _builder_version=&#8221;3.25&#8243; custom_padding=&#8221;|||&#8221; global_colors_info=&#8221;{}&#8221; custom_padding__hover=&#8221;|||&#8221;][et_pb_text admin_label=&#8221;Text_countersinking&#8221; _builder_version=&#8221;3.27.4&#8243; background_size=&#8221;initial&#8221; background_position=&#8221;top_left&#8221; background_repeat=&#8221;repeat&#8221; global_colors_info=&#8221;{}&#8221;]<a name=\"countersinking\"><\/a><\/p>\n<p>&nbsp;<\/p>\n<h1>Chanfreinage \/ Lamage<\/h1>\n<h2>Plus que du chanfreinage et lamage !<\/h2>\n<p><a href=\"https:\/\/www.guehring.de\/en\/about-guhring\/newsroom\/downloads.php\" target=\"_blank\" rel=\"noopener\"><img loading=\"lazy\" decoding=\"async\" class=\"alignnone wp-image-1323 size-full\" src=\"\/wp-content\/uploads\/2014\/03\/pdf_grau_icon.png\" alt=\"\" width=\"80\" height=\"80\" \/><\/a><br \/>\n[\/et_pb_text][et_pb_divider show_divider=&#8221;off&#8221; disabled_on=&#8221;on|on|off&#8221; _builder_version=&#8221;3.23.4&#8243; height=&#8221;600px&#8221; global_colors_info=&#8221;{}&#8221;][\/et_pb_divider][\/et_pb_column][\/et_pb_row][\/et_pb_section][et_pb_section fb_built=&#8221;1&#8243; _builder_version=&#8221;3.22&#8243; background_color=&#8221;#ffffff&#8221; background_image=&#8221;\/wp-content\/uploads\/2014\/03\/reiben.jpg&#8221; parallax=&#8221;on&#8221; parallax_method=&#8221;off&#8221; transparent_background=&#8221;off&#8221; global_colors_info=&#8221;{}&#8221;][et_pb_row _builder_version=&#8221;3.25&#8243; background_size=&#8221;initial&#8221; background_position=&#8221;top_left&#8221; background_repeat=&#8221;repeat&#8221; global_colors_info=&#8221;{}&#8221;][et_pb_column type=&#8221;4_4&#8243; _builder_version=&#8221;3.25&#8243; custom_padding=&#8221;|||&#8221; global_colors_info=&#8221;{}&#8221; custom_padding__hover=&#8221;|||&#8221;][et_pb_text admin_label=&#8221;Text_reibahlen &#8211; reaming&#8221; _builder_version=&#8221;3.27.4&#8243; background_size=&#8221;initial&#8221; background_position=&#8221;top_left&#8221; background_repeat=&#8221;repeat&#8221; global_colors_info=&#8221;{}&#8221;]<a name=\"reaming\"><\/a><\/p>\n<h1>Al\u00e9sage<\/h1>\n<div>\n<div>\n<h2>Qualit\u00e9 de trou parfaite\u00a0!<\/h2>\n<h4>Des vitesses d\u2019avances extr\u00eamement \u00e9lev\u00e9es ne posent aucun probl\u00e8me avec les al\u00e9soirs Haute Performance de G\u00fchring! La qualit\u00e9 de l\u2019\u00e9tat de surface est parfaite m\u00eame avec la coupe interrompue et ce dans toutes les mati\u00e8res.<\/h4>\n<p><a href=\"https:\/\/www.guehring.de\/en\/about-guhring\/newsroom\/downloads.php\" target=\"_blank\" rel=\"noopener\"><img loading=\"lazy\" decoding=\"async\" class=\"alignnone wp-image-1323 size-full\" src=\"https:\/\/wpalsace.guehring.de\/wp-content\/uploads\/2014\/03\/pdf_grau_icon.png\" alt=\"\" width=\"80\" height=\"80\" \/><\/a><\/p>\n<\/div>\n<\/div>\n<p>[\/et_pb_text][et_pb_divider show_divider=&#8221;off&#8221; disabled_on=&#8221;on|on|off&#8221; _builder_version=&#8221;3.23.4&#8243; height=&#8221;500px&#8221; global_colors_info=&#8221;{}&#8221;][\/et_pb_divider][\/et_pb_column][\/et_pb_row][\/et_pb_section][et_pb_section fb_built=&#8221;1&#8243; _builder_version=&#8221;3.22&#8243; background_color=&#8221;#ffffff&#8221; background_image=&#8221;\/wp-content\/uploads\/2014\/03\/spanwerkzeuge.jpg&#8221; transparent_background=&#8221;off&#8221; global_colors_info=&#8221;{}&#8221;][et_pb_row _builder_version=&#8221;3.25&#8243; background_size=&#8221;initial&#8221; background_position=&#8221;top_left&#8221; background_repeat=&#8221;repeat&#8221; global_colors_info=&#8221;{}&#8221;][et_pb_column type=&#8221;4_4&#8243; _builder_version=&#8221;3.25&#8243; custom_padding=&#8221;|||&#8221; global_colors_info=&#8221;{}&#8221; custom_padding__hover=&#8221;|||&#8221;][et_pb_text admin_label=&#8221;Text_Spannmittel&#8221; _builder_version=&#8221;3.27.4&#8243; background_size=&#8221;initial&#8221; background_position=&#8221;top_left&#8221; background_repeat=&#8221;repeat&#8221; global_colors_info=&#8221;{}&#8221;]<a name=\"toolholders\"><\/a><\/p>\n<h1>Porte-outils<\/h1>\n<h3>De la broche jusqu&#8217;\u00e0 l&#8217;ar\u00eate de coupe<\/h3>\n<h2>Innovations pour l&#8217;industrie de coupe des m\u00e9taux<\/h2>\n<h4>Mandrins \u00e0 serrage hydraulique \u00e0 partir de \u00d8 3 mm<\/h4>\n<h4>Serrage avec r\u00e9glage axial et radial microm\u00e9trique (\u00b5)<\/h4>\n<h2><a href=\"https:\/\/www.guehring.de\/en\/about-guhring\/newsroom\/downloads.php\" target=\"_blank\" rel=\"noopener\"><img loading=\"lazy\" decoding=\"async\" class=\"alignnone wp-image-1602 size-full\" src=\"https:\/\/www.guhring-alsace.com\/wp-content\/uploads\/2014\/02\/pdf_grau_icon.png\" alt=\"\" width=\"80\" height=\"80\" \/><\/a><\/h2>\n<p>[\/et_pb_text][\/et_pb_column][\/et_pb_row][et_pb_row column_structure=&#8221;1_2,1_2&#8243; _builder_version=&#8221;3.25&#8243; background_size=&#8221;initial&#8221; background_position=&#8221;top_left&#8221; background_repeat=&#8221;repeat&#8221; global_colors_info=&#8221;{}&#8221;][et_pb_column type=&#8221;1_2&#8243; _builder_version=&#8221;3.25&#8243; custom_padding=&#8221;|||&#8221; global_colors_info=&#8221;{}&#8221; custom_padding__hover=&#8221;|||&#8221;][et_pb_text _builder_version=&#8221;3.27.4&#8243; background_size=&#8221;initial&#8221; background_position=&#8221;top_left&#8221; background_repeat=&#8221;repeat&#8221; global_colors_info=&#8221;{}&#8221;]<\/p>\n<h2>Le mandrin de frettage le plus s\u00e9curisant<\/h2>\n<h3>Le mandrin TSG 3000 est le seul dot\u00e9 d\u2019un indicateur de temp\u00e9rature chaud ou froid.<\/h3>\n<p>[\/et_pb_text][\/et_pb_column][et_pb_column type=&#8221;1_2&#8243; _builder_version=&#8221;3.25&#8243; custom_padding=&#8221;|||&#8221; global_colors_info=&#8221;{}&#8221; custom_padding__hover=&#8221;|||&#8221;][\/et_pb_column][\/et_pb_row][et_pb_row _builder_version=&#8221;3.25&#8243; background_size=&#8221;initial&#8221; background_position=&#8221;top_left&#8221; background_repeat=&#8221;repeat&#8221; global_colors_info=&#8221;{}&#8221;][et_pb_column type=&#8221;4_4&#8243; _builder_version=&#8221;3.25&#8243; custom_padding=&#8221;|||&#8221; global_colors_info=&#8221;{}&#8221; custom_padding__hover=&#8221;|||&#8221;][et_pb_divider show_divider=&#8221;off&#8221; disabled_on=&#8221;on|on|off&#8221; _builder_version=&#8221;3.23.4&#8243; height=&#8221;200px&#8221; global_colors_info=&#8221;{}&#8221;][\/et_pb_divider][\/et_pb_column][\/et_pb_row][\/et_pb_section]<\/p>\n","protected":false},"excerpt":{"rendered":"<p>Tarauds multi-mati\u00e8res avec un rapport qualit\u00e9-prix in\u00e9galable et une grande disponibilit\u00e9 de stock pour des r\u00e9sultats d\u2019usinage exceptionnels. Dur\u00e9e de vie quasi infinie! Les fraises HPC de G\u00fchring optimales pour les moules et les matrices \u2013 h\u00e9misph\u00e9riques, toriques ou rayonn\u00e9es.L\u00b4outil de forage h\u00e9lico\u00efdal, en CW monobloc, pour des profondeurs de forage jusqu\u00b4\u00e0 40 x D [&hellip;]<\/p>\n","protected":false},"author":1,"featured_media":0,"parent":0,"menu_order":0,"comment_status":"open","ping_status":"open","template":"","meta":{"_et_pb_use_builder":"on","_et_pb_old_content":"[et_pb_section][et_pb_row][\/et_pb_row][\/et_pb_section]","_et_gb_content_width":"","footnotes":""},"class_list":["post-164","page","type-page","status-publish","hentry"],"_links":{"self":[{"href":"https:\/\/www.guhring-alsace.com\/index.php?rest_route=\/wp\/v2\/pages\/164","targetHints":{"allow":["GET"]}}],"collection":[{"href":"https:\/\/www.guhring-alsace.com\/index.php?rest_route=\/wp\/v2\/pages"}],"about":[{"href":"https:\/\/www.guhring-alsace.com\/index.php?rest_route=\/wp\/v2\/types\/page"}],"author":[{"embeddable":true,"href":"https:\/\/www.guhring-alsace.com\/index.php?rest_route=\/wp\/v2\/users\/1"}],"replies":[{"embeddable":true,"href":"https:\/\/www.guhring-alsace.com\/index.php?rest_route=%2Fwp%2Fv2%2Fcomments&post=164"}],"version-history":[{"count":35,"href":"https:\/\/www.guhring-alsace.com\/index.php?rest_route=\/wp\/v2\/pages\/164\/revisions"}],"predecessor-version":[{"id":1991,"href":"https:\/\/www.guhring-alsace.com\/index.php?rest_route=\/wp\/v2\/pages\/164\/revisions\/1991"}],"wp:attachment":[{"href":"https:\/\/www.guhring-alsace.com\/index.php?rest_route=%2Fwp%2Fv2%2Fmedia&parent=164"}],"curies":[{"name":"wp","href":"https:\/\/api.w.org\/{rel}","templated":true}]}}